{"id":2,"date":"2025-02-25T08:41:58","date_gmt":"2025-02-25T07:41:58","guid":{"rendered":"https:\/\/blog.espol.edu.ec\/yerushart\/?page_id=2"},"modified":"2025-05-15T11:04:54","modified_gmt":"2025-05-15T09:04:54","slug":"pagina-ejemplo","status":"publish","type":"page","link":"https:\/\/blog.espol.edu.ec\/yerushart\/pagina-ejemplo\/","title":{"rendered":"Acerca del Sitio"},"content":{"rendered":"<h3><strong>&#x1f3a8; YerushArt: Israel en Fotos, Relatos y Arte &#x1f3de;&#xfe0f;&#x1f58c;&#xfe0f;<\/strong><\/h3>\n<p><strong>YerushArt<\/strong> es un blog donde la magia de <strong>Eretz Israel<\/strong> cobra vida a trav\u00e9s de <strong>fotograf\u00edas, relatos y arte inspirador<\/strong>. Desde las callejuelas de la Ciudad Vieja de Jerusal\u00e9n hasta los vastos paisajes del N\u00e9guev, cada imagen, historia y dibujo reflejan la esencia vibrante de nuestra tierra ancestral.<\/p>\n<p>&#x1f5bc;&#xfe0f; <strong>Galer\u00eda Visual:<\/strong> Fotos en alta calidad y dibujos que capturan la belleza y el esp\u00edritu de Israel.<br \/>&#x1f4d6; <strong>Relatos y Anecdotarios:<\/strong> Historias personales y experiencias en la Tierra de Israel, con una mirada sionista.<br \/>&#x2721;&#xfe0f; <strong>Identidad y Ra\u00edces:<\/strong> Un espacio para celebrar la conexi\u00f3n eterna del pueblo jud\u00edo con su hogar.<br \/>&#x1f6e4;&#xfe0f; <strong>Inspiraci\u00f3n para Viajeros:<\/strong> Lugares imperdibles, rutas y consejos para explorar Israel con una mirada \u00fanica.<\/p>\n<p>En <strong>YerushArt<\/strong>, cada trazo y cada imagen cuentan una historia, cada historia fortalece nuestra identidad, y cada visitante se lleva un pedazo de Israel en el coraz\u00f3n. &#x1f1ee;&#x1f1f1;&#x2728;<\/p>\n","protected":false},"excerpt":{"rendered":"<p>&#x1f3a8; YerushArt: Israel en Fotos, Relatos y Arte &#x1f3de;&#xfe0f;&#x1f58c;&#xfe0f; YerushArt es un blog donde la magia de Eretz Israel cobra vida a trav\u00e9s de fotograf\u00edas, relatos y arte inspirador. Desde las callejuelas de la Ciudad Vieja de Jerusal\u00e9n hasta los &hellip; <a href=\"https:\/\/blog.espol.edu.ec\/yerushart\/pagina-ejemplo\/\">Sigue leyendo <span class=\"meta-nav\">&rarr;<\/span><\/a><\/p>\n","protected":false},"author":9229,"featured_media":0,"parent":0,"menu_order":0,"comment_status":"closed","ping_status":"open","template":"","meta":{"footnotes":""},"class_list":["post-2","page","type-page","status-publish","hentry"],"_links":{"self":[{"href":"https:\/\/blog.espol.edu.ec\/yerushart\/wp-json\/wp\/v2\/pages\/2","targetHints":{"allow":["GET"]}}],"collection":[{"href":"https:\/\/blog.espol.edu.ec\/yerushart\/wp-json\/wp\/v2\/pages"}],"about":[{"href":"https:\/\/blog.espol.edu.ec\/yerushart\/wp-json\/wp\/v2\/types\/page"}],"author":[{"embeddable":true,"href":"https:\/\/blog.espol.edu.ec\/yerushart\/wp-json\/wp\/v2\/users\/9229"}],"replies":[{"embeddable":true,"href":"https:\/\/blog.espol.edu.ec\/yerushart\/wp-json\/wp\/v2\/comments?post=2"}],"version-history":[{"count":4,"href":"https:\/\/blog.espol.edu.ec\/yerushart\/wp-json\/wp\/v2\/pages\/2\/revisions"}],"predecessor-version":[{"id":46,"href":"https:\/\/blog.espol.edu.ec\/yerushart\/wp-json\/wp\/v2\/pages\/2\/revisions\/46"}],"wp:attachment":[{"href":"https:\/\/blog.espol.edu.ec\/yerushart\/wp-json\/wp\/v2\/media?parent=2"}],"curies":[{"name":"wp","href":"https:\/\/api.w.org\/{rel}","templated":true}]}}