{"id":1,"date":"2008-10-20T13:35:42","date_gmt":"2008-10-20T17:35:42","guid":{"rendered":""},"modified":"2010-04-24T00:57:26","modified_gmt":"2010-04-24T04:57:26","slug":"autor","status":"publish","type":"page","link":"https:\/\/blog.espol.edu.ec\/ylambert\/autor\/","title":{"rendered":"Acerca de Yamil Lambert"},"content":{"rendered":"<p><a href=\"http:\/\/blog.espol.edu.ec\/ylambert\/files\/2008\/10\/yamilkevin.jpg\"><img loading=\"lazy\" decoding=\"async\" class=\"aligncenter size-medium wp-image-86\" title=\"Yo y mi hijo.\" src=\"http:\/\/blog.espol.edu.ec\/ylambert\/files\/2008\/10\/yamilkevin-300x140.jpg\" alt=\"\" width=\"300\" height=\"140\" srcset=\"https:\/\/blog.espol.edu.ec\/ylambert\/files\/2008\/10\/yamilkevin-300x140.jpg 300w, https:\/\/blog.espol.edu.ec\/ylambert\/files\/2008\/10\/yamilkevin.jpg 800w\" sizes=\"auto, (max-width: 300px) 100vw, 300px\" \/><\/a><\/p>\n<p style=\"text-align: center\">Naci en Guayaquil-Ecuador un 13 Enero de 1978<br \/>\nMis Estudios<\/p>\n<p style=\"text-align: center\">SUPERIOR<br \/>\nEscuela Superior Polit\u00e9cnica del Litoral (EDCOM)<br \/>\nCarrera Licenciatura en Sistemas de Informaci\u00f3n<br \/>\nT\u00edtulo Obtenido: \u201cLicenciado en Sistemas de Informaci\u00f3n\"<\/p>\n<p style=\"text-align: center\">Carrera An\u00e1lisis en Sistemas<br \/>\nT\u00edtulo Obtenido: \u201cAnalista de Sistemas\u201d<\/p>\n<p style=\"text-align: center\">SECUNDARIA<br \/>\nColegio Nacional Experimental \u201cVicente Rocafuerte\u201d<br \/>\nEspecializaci\u00f3n  INFORMATICA<\/p>\n<p style=\"text-align: center\">PRIMARIA<br \/>\nEscuela Fiscal Mixta \u201cSim\u00f3n Bol\u00edvar, Coronel Luis Vargas Torres y Escuela Santa Ana.<\/p>\n<p style=\"text-align: center\">Me gusta tocar piano, ir al cinex , la computadora, internet, ense\u00f1ar informatica, soy de caracter fuerte y serio.<\/p>\n<p style=\"text-align: center\">Solo Risas y bromas con mis amigos cercanos.<\/p>\n<p style=\"text-align: center\">La responsabilidad, la puntualidad y el respeto reciproco de las personas son primordial.<\/p>\n<p style=\"text-align: center\">Creo en mi DIOS a mi manera, no el de la biblia, ni los sacerdotes, curas etc etc..pero los respecto.<\/p>\n<form id=\"vozme_form_d41d8cd98f00b204e9800998ecf8427e\" method=\"post\" name=\"vozme_form_d41d8cd98f00b204e9800998ecf8427e\" target=\"d41d8cd98f00b204e9800998ecf8427e\" action=\"http:\/\/vozme.com\/text2voice.php\"><input name=\"text\" type=\"hidden\" value=\"Acerca de Yamil Lambert. \nNaci en Guayaquil-Ecuador un 13 Enero de 1978\nMis Estudios\nSUPERIOR\nEscuela Superior Polit\u00e9cnica del Litoral (EDCOM)\nCarrera Licenciatura en Sistemas de Informaci\u00f3n\nT\u00edtulo Obtenido: \u201cLicenciado en Sistemas de Informaci\u00f3n&quot;\nCarrera An\u00e1lisis en Sistemas\nT\u00edtulo Obtenido: \u201cAnalista de Sistemas\u201d\nSECUNDARIA\nColegio Nacional Experimental \u201cVicente Rocafuerte\u201d\nEspecializaci\u00f3n  INFORMATICA\nPRIMARIA\nEscuela Fiscal Mixta \u201cSim\u00f3n Bol\u00edvar, Coronel Luis Vargas Torres y Escuela Santa Ana.\nMe gusta tocar piano, ir al cinex , la computadora, internet, ense\u00f1ar informatica, soy de caracter fuerte y serio.\nSolo Risas y bromas con mis amigos cercanos.\nLa responsabilidad, la puntualidad y el respeto reciproco de las personas son primordial.\nCreo en mi DIOS a mi manera, no el de la biblia, ni los sacerdotes, curas etc etc..pero los respecto.\n\" \/><input name=\"lang\" type=\"hidden\" value=\"es\" \/><input name=\"gn\" type=\"hidden\" value=\"ml\" \/><input type=\"hidden\" id=\"interface\" name=\"interface\" value=\"full\" \/>\n\t\t\t<div style=\"margin-left:40%;\">\n\t\t\t\n\t\t\t\t<input style=\"float:left;\" type=\"image\" width=\"40\" height=\"40\" src=\"http:\/\/blog.espol.edu.ec\/ylambert\/wp-content\/plugins\/vozme\/img\/megaphone40x40w.gif\" alt=\"Escucha este post\" onclick=\"window.open('', 'd41d8cd98f00b204e9800998ecf8427e', 'width=600,height=370,scrollbars=yes,location=yes,menubar=yes,resizable=yes,status=yes,toolbar=yes');\">\n\t\t\t\t<div style=\"margin-left:48px; text-align:left;\"><a style=\"font-size:12px;\" href=\"javascript:void(0);\" onclick=\"window.open('', 'd41d8cd98f00b204e9800998ecf8427e', 'width=600,height=370,scrollbars=yes,location=yes,menubar=yes,resizable=yes,status=yes,toolbar=yes'); document.getElementById('vozme_form_d41d8cd98f00b204e9800998ecf8427e').submit();\">Escucha<br\/>este post<\/a><\/div>\n\t\t\t<\/div><\/form>","protected":false},"excerpt":{"rendered":"<p>Naci en Guayaquil-Ecuador un 13 Enero de 1978 Mis Estudios SUPERIOR Escuela Superior Polit\u00e9cnica del Litoral (EDCOM) Carrera Licenciatura en Sistemas de Informaci\u00f3n T\u00edtulo Obtenido: \u201cLicenciado en Sistemas de Informaci\u00f3n\" Carrera An\u00e1lisis en Sistemas T\u00edtulo Obtenido: \u201cAnalista de Sistemas\u201d SECUNDARIA Colegio Nacional Experimental \u201cVicente Rocafuerte\u201d Especializaci\u00f3n INFORMATICA PRIMARIA Escuela Fiscal Mixta \u201cSim\u00f3n Bol\u00edvar, Coronel Luis [&hellip;]<\/p>\n","protected":false},"author":135,"featured_media":0,"parent":0,"menu_order":0,"comment_status":"closed","ping_status":"closed","template":"","meta":{"footnotes":""},"class_list":["post-1","page","type-page","status-publish","hentry"],"aioseo_notices":[],"_links":{"self":[{"href":"https:\/\/blog.espol.edu.ec\/ylambert\/wp-json\/wp\/v2\/pages\/1","targetHints":{"allow":["GET"]}}],"collection":[{"href":"https:\/\/blog.espol.edu.ec\/ylambert\/wp-json\/wp\/v2\/pages"}],"about":[{"href":"https:\/\/blog.espol.edu.ec\/ylambert\/wp-json\/wp\/v2\/types\/page"}],"author":[{"embeddable":true,"href":"https:\/\/blog.espol.edu.ec\/ylambert\/wp-json\/wp\/v2\/users\/135"}],"replies":[{"embeddable":true,"href":"https:\/\/blog.espol.edu.ec\/ylambert\/wp-json\/wp\/v2\/comments?post=1"}],"version-history":[{"count":7,"href":"https:\/\/blog.espol.edu.ec\/ylambert\/wp-json\/wp\/v2\/pages\/1\/revisions"}],"predecessor-version":[{"id":28,"href":"https:\/\/blog.espol.edu.ec\/ylambert\/wp-json\/wp\/v2\/pages\/1\/revisions\/28"}],"wp:attachment":[{"href":"https:\/\/blog.espol.edu.ec\/ylambert\/wp-json\/wp\/v2\/media?parent=1"}],"curies":[{"name":"wp","href":"https:\/\/api.w.org\/{rel}","templated":true}]}}