{"id":64,"date":"2009-07-15T00:08:15","date_gmt":"2009-07-15T04:08:15","guid":{"rendered":"http:\/\/blog.espol.edu.ec\/ymantill\/?page_id=64"},"modified":"2009-07-15T00:49:02","modified_gmt":"2009-07-15T04:49:02","slug":"twitter-como-herramienta-de-socializacion","status":"publish","type":"page","link":"https:\/\/blog.espol.edu.ec\/ymantill\/twitter-como-herramienta-de-socializacion\/","title":{"rendered":"Twitter como herramienta de socializaci\u00f2n"},"content":{"rendered":"<div id=\"attachment_80\" style=\"width: 137px\" class=\"wp-caption alignright\"><a href=\"http:\/\/blog.espol.edu.ec\/ymantill\"><img loading=\"lazy\" decoding=\"async\" aria-describedby=\"caption-attachment-80\" src=\"http:\/\/blog.espol.edu.ec\/ymantill\/files\/2009\/07\/twitter.jpg\" alt=\"imagen personalizada de twitter\" width=\"127\" height=\"58\" class=\"size-full wp-image-80\" \/><\/a><p id=\"caption-attachment-80\" class=\"wp-caption-text\">imagen personalizada de twitter<\/p><\/div>\n<p style=\"text-align: justify\"><span style=\"color: #003366\">Twitter es una herramienta de socializaci\u00f3n virtual que permite a los usuarios emitir peque\u00f1os mensajes de texto (llamados \"tweets\") de un m\u00e1ximo de 140 caracteres. Estas contribuciones en tiempo real son le\u00eddas por otros usuarios, llamados \"seguidores\" suscritos a esa p\u00e1gina.<\/span><\/p>\n<p style=\"text-align: justify\"><span style=\"color: #003366\">Pero Twitter es mucho m\u00e1s que una forma nueva de compartir informaci\u00f3n sobre la vida de cada uno. Ha evolucionado hasta convertirse en una poderosa herramienta de marketing y comunicaci\u00f3n. Las organizaciones de preparaci\u00f3n para emergencias ya est\u00e1n estudiando Twitter como una forma de alcanzar a millones de personas despu\u00e9s de una cat\u00e1strofe.<\/span><\/p>\n","protected":false},"excerpt":{"rendered":"<p>Twitter es una herramienta de socializaci\u00f3n virtual que permite a los usuarios emitir peque\u00f1os mensajes de texto (llamados \"tweets\") de un m\u00e1ximo de 140 caracteres. Estas contribuciones en tiempo real son le\u00eddas por otros usuarios, llamados \"seguidores\" suscritos a esa p\u00e1gina. Pero Twitter es mucho m\u00e1s que una forma nueva de compartir informaci\u00f3n sobre la [&hellip;]<\/p>\n","protected":false},"author":2634,"featured_media":0,"parent":0,"menu_order":0,"comment_status":"open","ping_status":"open","template":"","meta":{"footnotes":""},"class_list":["post-64","page","type-page","status-publish","hentry"],"_links":{"self":[{"href":"https:\/\/blog.espol.edu.ec\/ymantill\/wp-json\/wp\/v2\/pages\/64","targetHints":{"allow":["GET"]}}],"collection":[{"href":"https:\/\/blog.espol.edu.ec\/ymantill\/wp-json\/wp\/v2\/pages"}],"about":[{"href":"https:\/\/blog.espol.edu.ec\/ymantill\/wp-json\/wp\/v2\/types\/page"}],"author":[{"embeddable":true,"href":"https:\/\/blog.espol.edu.ec\/ymantill\/wp-json\/wp\/v2\/users\/2634"}],"replies":[{"embeddable":true,"href":"https:\/\/blog.espol.edu.ec\/ymantill\/wp-json\/wp\/v2\/comments?post=64"}],"version-history":[{"count":5,"href":"https:\/\/blog.espol.edu.ec\/ymantill\/wp-json\/wp\/v2\/pages\/64\/revisions"}],"predecessor-version":[{"id":82,"href":"https:\/\/blog.espol.edu.ec\/ymantill\/wp-json\/wp\/v2\/pages\/64\/revisions\/82"}],"wp:attachment":[{"href":"https:\/\/blog.espol.edu.ec\/ymantill\/wp-json\/wp\/v2\/media?parent=64"}],"curies":[{"name":"wp","href":"https:\/\/api.w.org\/{rel}","templated":true}]}}