{"id":86,"date":"2009-07-15T01:00:45","date_gmt":"2009-07-15T05:00:45","guid":{"rendered":"http:\/\/blog.espol.edu.ec\/ymantill\/?page_id=86"},"modified":"2009-07-15T01:01:22","modified_gmt":"2009-07-15T05:01:22","slug":"%c2%bfque-es-twitter","status":"publish","type":"page","link":"https:\/\/blog.espol.edu.ec\/ymantill\/twitter-como-herramienta-de-socializacion\/%c2%bfque-es-twitter\/","title":{"rendered":"\u00bfQue es twitter?"},"content":{"rendered":"<p style=\"text-align: justify\"><a class=\"flickr-image alignnone\" title=\"twitter\" href=\"http:\/\/www.flickr.com\/photos\/yosiiiiiiiiiiiiiiiii\/3722147873\/\"><img decoding=\"async\" src=\"http:\/\/farm4.static.flickr.com\/3492\/3722147873_dd727da2ff_t.jpg\" alt=\"twitter\" \/><\/a> es un servicio gratuito de microblogging, que hace las veces de red social y que permite a sus usuarios enviar micro-entradas basadas en texto, denominadas \"tweets\", de una longitud m\u00e1xima de 130 caracteres. El env\u00edo de estos mensajes se puede realizar tanto por el sitio web de Twitter, como v\u00eda SMS (short message service) desde un tel\u00e9fono m\u00f3vil, desde programas de mensajer\u00eda instant\u00e1nea, o incluso desde cualquier aplicaci\u00f3n de terceros, como puede ser Twitterrific, Tweetie, Facebook, Twinkle, TweetDeck-en ingl\u00e9s, o Cielo.com<\/p>\n","protected":false},"excerpt":{"rendered":"<p>es un servicio gratuito de microblogging, que hace las veces de red social y que permite a sus usuarios enviar micro-entradas basadas en texto, denominadas \"tweets\", de una longitud m\u00e1xima de 130 caracteres. El env\u00edo de estos mensajes se puede realizar tanto por el sitio web de Twitter, como v\u00eda SMS (short message service) desde [&hellip;]<\/p>\n","protected":false},"author":2634,"featured_media":0,"parent":64,"menu_order":0,"comment_status":"open","ping_status":"open","template":"","meta":{"footnotes":""},"class_list":["post-86","page","type-page","status-publish","hentry"],"_links":{"self":[{"href":"https:\/\/blog.espol.edu.ec\/ymantill\/wp-json\/wp\/v2\/pages\/86","targetHints":{"allow":["GET"]}}],"collection":[{"href":"https:\/\/blog.espol.edu.ec\/ymantill\/wp-json\/wp\/v2\/pages"}],"about":[{"href":"https:\/\/blog.espol.edu.ec\/ymantill\/wp-json\/wp\/v2\/types\/page"}],"author":[{"embeddable":true,"href":"https:\/\/blog.espol.edu.ec\/ymantill\/wp-json\/wp\/v2\/users\/2634"}],"replies":[{"embeddable":true,"href":"https:\/\/blog.espol.edu.ec\/ymantill\/wp-json\/wp\/v2\/comments?post=86"}],"version-history":[{"count":3,"href":"https:\/\/blog.espol.edu.ec\/ymantill\/wp-json\/wp\/v2\/pages\/86\/revisions"}],"predecessor-version":[{"id":108,"href":"https:\/\/blog.espol.edu.ec\/ymantill\/wp-json\/wp\/v2\/pages\/86\/revisions\/108"}],"up":[{"embeddable":true,"href":"https:\/\/blog.espol.edu.ec\/ymantill\/wp-json\/wp\/v2\/pages\/64"}],"wp:attachment":[{"href":"https:\/\/blog.espol.edu.ec\/ymantill\/wp-json\/wp\/v2\/media?parent=86"}],"curies":[{"name":"wp","href":"https:\/\/api.w.org\/{rel}","templated":true}]}}