{"id":89,"date":"2009-07-15T01:03:00","date_gmt":"2009-07-15T05:03:00","guid":{"rendered":"http:\/\/blog.espol.edu.ec\/ymantill\/?page_id=89"},"modified":"2009-07-15T01:03:20","modified_gmt":"2009-07-15T05:03:20","slug":"historia","status":"publish","type":"page","link":"https:\/\/blog.espol.edu.ec\/ymantill\/twitter-como-herramienta-de-socializacion\/%c2%bfque-es-twitter\/historia\/","title":{"rendered":"Historia"},"content":{"rendered":"<p style=\"text-align: justify\">Twitter comenz\u00f3 como un proyecto de investigaci\u00f3n y desarrollo dentro de Obvious, LLC, un peque\u00f1o start-up de San Francisco, durante marzo de 2006. Al principio fue usado internamente por la compa\u00f1\u00eda hasta que fue oficialmente lanzado al p\u00fablico en octubre del mismo a\u00f1o. El servicio r\u00e1pidamente comenz\u00f3 a ganar adeptos y en marzo de 2007 gan\u00f3 el premio South by Southwest Web Award en la categor\u00eda de blog.<\/p>\n<p>Jack Dorsey, es el padre de esta aplicaci\u00f3n web y actual CEO de Twitter, Inc, empresa que surgi\u00f3 a ra\u00edz de Obvious, LLC y el \u00e9xito cosechado por Twitter. Actualmente el equipo de Twitter est\u00e1 compuesto por 18 personas.<\/p>\n","protected":false},"excerpt":{"rendered":"<p>Twitter comenz\u00f3 como un proyecto de investigaci\u00f3n y desarrollo dentro de Obvious, LLC, un peque\u00f1o start-up de San Francisco, durante marzo de 2006. Al principio fue usado internamente por la compa\u00f1\u00eda hasta que fue oficialmente lanzado al p\u00fablico en octubre del mismo a\u00f1o. El servicio r\u00e1pidamente comenz\u00f3 a ganar adeptos y en marzo de 2007 [&hellip;]<\/p>\n","protected":false},"author":2634,"featured_media":0,"parent":86,"menu_order":0,"comment_status":"open","ping_status":"open","template":"","meta":{"footnotes":""},"class_list":["post-89","page","type-page","status-publish","hentry"],"_links":{"self":[{"href":"https:\/\/blog.espol.edu.ec\/ymantill\/wp-json\/wp\/v2\/pages\/89","targetHints":{"allow":["GET"]}}],"collection":[{"href":"https:\/\/blog.espol.edu.ec\/ymantill\/wp-json\/wp\/v2\/pages"}],"about":[{"href":"https:\/\/blog.espol.edu.ec\/ymantill\/wp-json\/wp\/v2\/types\/page"}],"author":[{"embeddable":true,"href":"https:\/\/blog.espol.edu.ec\/ymantill\/wp-json\/wp\/v2\/users\/2634"}],"replies":[{"embeddable":true,"href":"https:\/\/blog.espol.edu.ec\/ymantill\/wp-json\/wp\/v2\/comments?post=89"}],"version-history":[{"count":3,"href":"https:\/\/blog.espol.edu.ec\/ymantill\/wp-json\/wp\/v2\/pages\/89\/revisions"}],"predecessor-version":[{"id":107,"href":"https:\/\/blog.espol.edu.ec\/ymantill\/wp-json\/wp\/v2\/pages\/89\/revisions\/107"}],"up":[{"embeddable":true,"href":"https:\/\/blog.espol.edu.ec\/ymantill\/wp-json\/wp\/v2\/pages\/86"}],"wp:attachment":[{"href":"https:\/\/blog.espol.edu.ec\/ymantill\/wp-json\/wp\/v2\/media?parent=89"}],"curies":[{"name":"wp","href":"https:\/\/api.w.org\/{rel}","templated":true}]}}