{"id":92,"date":"2009-07-15T01:06:34","date_gmt":"2009-07-15T05:06:34","guid":{"rendered":"http:\/\/blog.espol.edu.ec\/ymantill\/?page_id=92"},"modified":"2009-07-15T01:07:02","modified_gmt":"2009-07-15T05:07:02","slug":"tecnologia","status":"publish","type":"page","link":"https:\/\/blog.espol.edu.ec\/ymantill\/twitter-como-herramienta-de-socializacion\/tecnologia\/","title":{"rendered":"Tecnologia"},"content":{"rendered":"<p style=\"text-align: justify\"><a class=\"flickr-image alignnone\" title=\"twitter\" href=\"http:\/\/www.flickr.com\/photos\/yosiiiiiiiiiiiiiiiii\/3722960140\/\"><img decoding=\"async\" src=\"http:\/\/farm4.static.flickr.com\/3501\/3722960140_44a2bbc5c4_t.jpg\" alt=\"twitter\" \/><\/a> Twitter est\u00e1 escrito en Ruby on Rails y adem\u00e1s dispone de una API abierta para todo tipo de desarrolladores, lo cual supone una gran ventaja para todos aquellos que quieran integrar Twitter como un servicio tanto en otras aplicaciones web como en aplicaciones de escritorio o m\u00f3viles. Seg\u00fan Biz Stone M\u00e1s del 50% de nuestro tr\u00e1fico llega a trav\u00e9s de nuestro API. A\u00fan as\u00ed, debido a sus problemas t\u00e9cnicos y de escalabilidad, es posible que Twitter abandone Ruby on Rails como su framework de desarrollo para comenzar uno nuevo basado en PHP o Java. Evan Williams, sin embargo, pronto desminti\u00f3 esta informaci\u00f3n en un Tweet que envi\u00f3 en Mayo 1, 2008.<\/p>\n<p style=\"text-align: justify\">Uno de los problemas m\u00e1s importantes del servicio surgi\u00f3 durante la Macworld Conference &amp; Expo de 2008, donde miles de medios aprovecharon este sistema de microblogging para dar a conocer a todo el mundo lo que all\u00ed estaba sucediendo, quedando este fuera de l\u00ednea<\/p>\n","protected":false},"excerpt":{"rendered":"<p>Twitter est\u00e1 escrito en Ruby on Rails y adem\u00e1s dispone de una API abierta para todo tipo de desarrolladores, lo cual supone una gran ventaja para todos aquellos que quieran integrar Twitter como un servicio tanto en otras aplicaciones web como en aplicaciones de escritorio o m\u00f3viles. Seg\u00fan Biz Stone M\u00e1s del 50% de nuestro [&hellip;]<\/p>\n","protected":false},"author":2634,"featured_media":0,"parent":64,"menu_order":0,"comment_status":"open","ping_status":"open","template":"","meta":{"footnotes":""},"class_list":["post-92","page","type-page","status-publish","hentry"],"_links":{"self":[{"href":"https:\/\/blog.espol.edu.ec\/ymantill\/wp-json\/wp\/v2\/pages\/92","targetHints":{"allow":["GET"]}}],"collection":[{"href":"https:\/\/blog.espol.edu.ec\/ymantill\/wp-json\/wp\/v2\/pages"}],"about":[{"href":"https:\/\/blog.espol.edu.ec\/ymantill\/wp-json\/wp\/v2\/types\/page"}],"author":[{"embeddable":true,"href":"https:\/\/blog.espol.edu.ec\/ymantill\/wp-json\/wp\/v2\/users\/2634"}],"replies":[{"embeddable":true,"href":"https:\/\/blog.espol.edu.ec\/ymantill\/wp-json\/wp\/v2\/comments?post=92"}],"version-history":[{"count":3,"href":"https:\/\/blog.espol.edu.ec\/ymantill\/wp-json\/wp\/v2\/pages\/92\/revisions"}],"predecessor-version":[{"id":109,"href":"https:\/\/blog.espol.edu.ec\/ymantill\/wp-json\/wp\/v2\/pages\/92\/revisions\/109"}],"up":[{"embeddable":true,"href":"https:\/\/blog.espol.edu.ec\/ymantill\/wp-json\/wp\/v2\/pages\/64"}],"wp:attachment":[{"href":"https:\/\/blog.espol.edu.ec\/ymantill\/wp-json\/wp\/v2\/media?parent=92"}],"curies":[{"name":"wp","href":"https:\/\/api.w.org\/{rel}","templated":true}]}}