{"id":95,"date":"2009-07-15T01:10:56","date_gmt":"2009-07-15T05:10:56","guid":{"rendered":"http:\/\/blog.espol.edu.ec\/ymantill\/?page_id=95"},"modified":"2009-07-15T01:11:43","modified_gmt":"2009-07-15T05:11:43","slug":"usos","status":"publish","type":"page","link":"https:\/\/blog.espol.edu.ec\/ymantill\/twitter-como-herramienta-de-socializacion\/usos\/","title":{"rendered":"Usos"},"content":{"rendered":"<p style=\"text-align: justify\"><a class=\"flickr-image alignnone\" title=\"twitter \" href=\"http:\/\/www.flickr.com\/photos\/yosiiiiiiiiiiiiiiiii\/3722960178\/\"><img decoding=\"async\" src=\"http:\/\/farm3.static.flickr.com\/2422\/3722960178_9fa7b2ec2c_t.jpg\" alt=\"twitter \" \/><\/a> Aunque se duda de su finalidad y de la utilidad de Twitter, su creciente n\u00famero de seguidores han demostrado que Twitter es uno de los l\u00edderes en el sector del microblogging, entre otros servicios como Jaiku, que dispone del apoyo de Google. En 2009 Google decide liberar el c\u00f3digo de Jaiku, dejando el desarrollo en manos del mundo open-source.<\/p>\n<p style=\"text-align: justify\">Dentro de los usos m\u00e1s conocidos tenemos: el seguimiento de eventos en directo, la retransmisi\u00f3n de charlas y ponencias a las que poca gente tiene acceso, el intercambio de opiniones durante un evento en el que la gente asiste como p\u00fablico (ej. En el Foro de Internet 2008 se cruzaron muchas opiniones a trav\u00e9s de Twitter) o incluso comentarios sobre pel\u00edculas o debates retransmitidos por la televisi\u00f3n (ej. El debate de Zapatero y Rajoy durante las elecciones presidenciales de Espa\u00f1a 2008, se sigui\u00f3 muy de cerca con intercambio de opiniones a trav\u00e9s de Twitter).<\/p>\n<p style=\"text-align: justify\">Aunque tambi\u00e9n disponemos de otros casos extremos, donde los habitantes de Edmon, Oklahoma (EE. UU.) se coordinaron y daban localizaci\u00f3n exacta del tornado que azot\u00f3 dicha localidad el 31 de marzo de 2008, mediante esta aplicaci\u00f3n web.<\/p>\n","protected":false},"excerpt":{"rendered":"<p>Aunque se duda de su finalidad y de la utilidad de Twitter, su creciente n\u00famero de seguidores han demostrado que Twitter es uno de los l\u00edderes en el sector del microblogging, entre otros servicios como Jaiku, que dispone del apoyo de Google. En 2009 Google decide liberar el c\u00f3digo de Jaiku, dejando el desarrollo en [&hellip;]<\/p>\n","protected":false},"author":2634,"featured_media":0,"parent":64,"menu_order":0,"comment_status":"open","ping_status":"open","template":"","meta":{"footnotes":""},"class_list":["post-95","page","type-page","status-publish","hentry"],"_links":{"self":[{"href":"https:\/\/blog.espol.edu.ec\/ymantill\/wp-json\/wp\/v2\/pages\/95","targetHints":{"allow":["GET"]}}],"collection":[{"href":"https:\/\/blog.espol.edu.ec\/ymantill\/wp-json\/wp\/v2\/pages"}],"about":[{"href":"https:\/\/blog.espol.edu.ec\/ymantill\/wp-json\/wp\/v2\/types\/page"}],"author":[{"embeddable":true,"href":"https:\/\/blog.espol.edu.ec\/ymantill\/wp-json\/wp\/v2\/users\/2634"}],"replies":[{"embeddable":true,"href":"https:\/\/blog.espol.edu.ec\/ymantill\/wp-json\/wp\/v2\/comments?post=95"}],"version-history":[{"count":3,"href":"https:\/\/blog.espol.edu.ec\/ymantill\/wp-json\/wp\/v2\/pages\/95\/revisions"}],"predecessor-version":[{"id":110,"href":"https:\/\/blog.espol.edu.ec\/ymantill\/wp-json\/wp\/v2\/pages\/95\/revisions\/110"}],"up":[{"embeddable":true,"href":"https:\/\/blog.espol.edu.ec\/ymantill\/wp-json\/wp\/v2\/pages\/64"}],"wp:attachment":[{"href":"https:\/\/blog.espol.edu.ec\/ymantill\/wp-json\/wp\/v2\/media?parent=95"}],"curies":[{"name":"wp","href":"https:\/\/api.w.org\/{rel}","templated":true}]}}