{"id":98,"date":"2009-07-15T01:24:24","date_gmt":"2009-07-15T05:24:24","guid":{"rendered":"http:\/\/blog.espol.edu.ec\/ymantill\/?page_id=98"},"modified":"2009-07-15T01:25:22","modified_gmt":"2009-07-15T05:25:22","slug":"aplicaciones","status":"publish","type":"page","link":"https:\/\/blog.espol.edu.ec\/ymantill\/twitter-como-herramienta-de-socializacion\/usos\/aplicaciones\/","title":{"rendered":"Aplicaciones"},"content":{"rendered":"<p><a href=\"http:\/\/blog.espol.edu.ec\/ymantill\/\"><img loading=\"lazy\" decoding=\"async\" src=\"http:\/\/blog.espol.edu.ec\/ymantill\/files\/2009\/07\/logo.jpg\" alt=\"logo\" width=\"128\" height=\"128\" class=\"alignright size-full wp-image-99\" \/><\/a><\/p>\n<p style=\"text-align: justify\">A continuacion se presenta las siguientes aplicaciones:<\/p>\n<p style=\"text-align: justify\"><strong>The twitter updater.<\/strong> Plugin de wordpress que manda autom\u00e1ticamente una actualizaci\u00f3n de twitter cuando se crea o edita una entrada en el blog. Se puede especificar el texto a incluir en las actualizaciones o bien activar o desactivar desde el Tablero del Administrador.<br \/>\n<strong>Twitterbar<\/strong>. Para \u201cpostear\u201d desde la barra de direcciones de Firefox. Podemos mandar una frase o incluir la direcci\u00f3n de la web que estamos visitando.<br \/>\n<strong>Twitter sidebar widget.<\/strong> Otra plugin para wordpress donde se muestran las actualizaciones que incluyes en twitter. Puedes personalizar la cantidad de mensajes a mostrar.<br \/>\n<strong>Twitter Atlas.<\/strong> Esto es m\u00e1s una curiosidad que otra cosa. Te muestra un mapa con los \u2018twitteos\u2019 de la gente.<br \/>\n<strong>TwitterFeed.<\/strong> Para publicar las actualizaciones del blog en tu cuenta de twitter. S\u00f3lo hay que a\u00f1adir la direcci\u00f3n feed. Se puede configurar la frecuencia de actualizaci\u00f3n.<br \/>\n<strong>iTweet<\/strong>. Para llevar y contar todo lo que quieras desde tu iPhone. Se integra con el explorardor Safari.<br \/>\n<strong>Twitter Weather.<\/strong> Para conocer con precisi\u00f3n el tiempo que va a hacer.<br \/>\n<strong>Tikitwit<\/strong>. Pensado para los usuarios de Mac, permite sincronizar twitter con Ichat.<br \/>\n<strong>Twitteriffic.<\/strong> Otra aplicaci\u00f3n Mac para publicar tus twitts.<br \/>\n<strong>Twitticious.<\/strong> Aplicaci\u00f3n para importar los enlaces de Del.ici.us<\/p>\n","protected":false},"excerpt":{"rendered":"<p>A continuacion se presenta las siguientes aplicaciones: The twitter updater. Plugin de wordpress que manda autom\u00e1ticamente una actualizaci\u00f3n de twitter cuando se crea o edita una entrada en el blog. Se puede especificar el texto a incluir en las actualizaciones o bien activar o desactivar desde el Tablero del Administrador. Twitterbar. Para \u201cpostear\u201d desde la [&hellip;]<\/p>\n","protected":false},"author":2634,"featured_media":0,"parent":95,"menu_order":0,"comment_status":"open","ping_status":"open","template":"","meta":{"footnotes":""},"class_list":["post-98","page","type-page","status-publish","hentry"],"_links":{"self":[{"href":"https:\/\/blog.espol.edu.ec\/ymantill\/wp-json\/wp\/v2\/pages\/98","targetHints":{"allow":["GET"]}}],"collection":[{"href":"https:\/\/blog.espol.edu.ec\/ymantill\/wp-json\/wp\/v2\/pages"}],"about":[{"href":"https:\/\/blog.espol.edu.ec\/ymantill\/wp-json\/wp\/v2\/types\/page"}],"author":[{"embeddable":true,"href":"https:\/\/blog.espol.edu.ec\/ymantill\/wp-json\/wp\/v2\/users\/2634"}],"replies":[{"embeddable":true,"href":"https:\/\/blog.espol.edu.ec\/ymantill\/wp-json\/wp\/v2\/comments?post=98"}],"version-history":[{"count":3,"href":"https:\/\/blog.espol.edu.ec\/ymantill\/wp-json\/wp\/v2\/pages\/98\/revisions"}],"predecessor-version":[{"id":111,"href":"https:\/\/blog.espol.edu.ec\/ymantill\/wp-json\/wp\/v2\/pages\/98\/revisions\/111"}],"up":[{"embeddable":true,"href":"https:\/\/blog.espol.edu.ec\/ymantill\/wp-json\/wp\/v2\/pages\/95"}],"wp:attachment":[{"href":"https:\/\/blog.espol.edu.ec\/ymantill\/wp-json\/wp\/v2\/media?parent=98"}],"curies":[{"name":"wp","href":"https:\/\/api.w.org\/{rel}","templated":true}]}}