{"id":196,"date":"2009-08-08T17:54:42","date_gmt":"2009-08-08T21:54:42","guid":{"rendered":"http:\/\/blog.espol.edu.ec\/yojeda\/?page_id=196"},"modified":"2009-08-11T10:26:30","modified_gmt":"2009-08-11T14:26:30","slug":"campana-ecopapel","status":"publish","type":"page","link":"https:\/\/blog.espol.edu.ec\/yojeda\/campana-ecopapel\/","title":{"rendered":"**CAMPA\u00d1A ECOPAPEL**"},"content":{"rendered":"<p><a href=\"http:\/\/blog.espol.edu.ec\/yojeda\/files\/2009\/08\/ecopapel_icongif.gif\"><img loading=\"lazy\" decoding=\"async\" class=\"alignleft size-full wp-image-130\" src=\"http:\/\/blog.espol.edu.ec\/yojeda\/files\/2009\/08\/ecopapel_icongif.gif\" alt=\"ecopapel_icongif\" width=\"111\" height=\"84\" \/><\/a>ECOPAPEL es una fundaci\u00f3n que empez\u00f3 en 1992<strong> [1]<\/strong> y ha capacitado a familias para que encuentre una manera d eganararse la vida a trav\u00e9s del reciclaje de papel y crean manualidades con el papel reciclado.<\/p>\n<p><a href=\"http:\/\/blog.espol.edu.ec\/yojeda\/files\/2009\/08\/decorating.jpg\"><br \/>\n<\/a><\/p>\n<p><a href=\"http:\/\/blog.espol.edu.ec\/yojeda\/files\/2009\/08\/decorating.jpg\"><img loading=\"lazy\" decoding=\"async\" class=\"alignright size-thumbnail wp-image-147\" src=\"http:\/\/blog.espol.edu.ec\/yojeda\/files\/2009\/08\/decorating-150x150.jpg\" alt=\"decorating\" width=\"108\" height=\"81\" \/><\/a><\/p>\n<p><a href=\"http:\/\/blog.espol.edu.ec\/yojeda\/files\/2009\/08\/man_hacer_papel_reciclado6.png\"><img loading=\"lazy\" decoding=\"async\" class=\"alignleft size-thumbnail wp-image-179\" src=\"http:\/\/blog.espol.edu.ec\/yojeda\/files\/2009\/08\/man_hacer_papel_reciclado6-150x150.png\" alt=\"man_hacer_papel_reciclado6\" width=\"92\" height=\"107\" \/><\/a>Ya que , por medio del reciclaje del papel podemos de cierta manera acabar con la deforestaci\u00f3n y para muchas personas la fabricaci\u00f3n de papel reciclado les representa un ingreso econ\u00f3mico mensual. Este video nos muetra la elaboraci\u00f3n del papel reciclado:<\/p>\n<p><object width=\"400\" height=\"250\" data=\"http:\/\/www.youtube.com\/v\/f-CzMTuuLog&amp;hl=es&amp;fs=1&amp;color1=0x402061&amp;color2=0x9461ca\" type=\"application\/x-shockwave-flash\"><param name=\"allowFullScreen\" value=\"true\" \/><param name=\"allowscriptaccess\" value=\"always\" \/><param name=\"src\" value=\"http:\/\/www.youtube.com\/v\/f-CzMTuuLog&amp;hl=es&amp;fs=1&amp;color1=0x402061&amp;color2=0x9461ca\" \/><param name=\"allowfullscreen\" value=\"true\" \/><\/object><strong><\/strong><\/p>\n<p align=\"left\"><span style=\"font-family: Verdana,Arial,Helvetica,sans-serif;font-size: x-small\"><strong>Este Video nos muetra como hacer manualidades con el palel reciclado:<\/strong><\/span><\/p>\n<p><object width=\"400\" height=\"250\" data=\"http:\/\/www.youtube.com\/v\/eB6cMUQSDp8&amp;hl=es&amp;fs=1&amp;color1=0xcc2550&amp;color2=0xe87a9f\" type=\"application\/x-shockwave-flash\"><param name=\"allowFullScreen\" value=\"true\" \/><param name=\"allowscriptaccess\" value=\"always\" \/><param name=\"src\" value=\"http:\/\/www.youtube.com\/v\/eB6cMUQSDp8&amp;hl=es&amp;fs=1&amp;color1=0xcc2550&amp;color2=0xe87a9f\" \/><\/object><\/p>\n<p align=\"left\"><span style=\"font-family: Verdana,Arial,Helvetica,sans-serif;font-size: x-small\"><strong><\/strong><\/span><strong>[1].-2009,\"ECOPAPEL\"[Pagina web],Guayamaco Tours,\u00a0 obtenido el d\u00eda: S\u00e1bado 9, 08,09 .http:\/\/www.riomuchacho.com\/html\/ecopapelesp.html, Guayaquil-Ecuador<br \/>\n<\/strong><\/p>\n","protected":false},"excerpt":{"rendered":"<p>ECOPAPEL es una fundaci\u00f3n que empez\u00f3 en 1992 [1] y ha capacitado a familias para que encuentre una manera d eganararse la vida a trav\u00e9s del reciclaje de papel y crean manualidades con el papel reciclado. Ya que , por medio del reciclaje del papel podemos de cierta manera acabar con la deforestaci\u00f3n y para [&hellip;]<\/p>\n","protected":false},"author":1822,"featured_media":0,"parent":0,"menu_order":0,"comment_status":"open","ping_status":"open","template":"","meta":{"footnotes":""},"class_list":["post-196","page","type-page","status-publish","hentry"],"_links":{"self":[{"href":"https:\/\/blog.espol.edu.ec\/yojeda\/wp-json\/wp\/v2\/pages\/196","targetHints":{"allow":["GET"]}}],"collection":[{"href":"https:\/\/blog.espol.edu.ec\/yojeda\/wp-json\/wp\/v2\/pages"}],"about":[{"href":"https:\/\/blog.espol.edu.ec\/yojeda\/wp-json\/wp\/v2\/types\/page"}],"author":[{"embeddable":true,"href":"https:\/\/blog.espol.edu.ec\/yojeda\/wp-json\/wp\/v2\/users\/1822"}],"replies":[{"embeddable":true,"href":"https:\/\/blog.espol.edu.ec\/yojeda\/wp-json\/wp\/v2\/comments?post=196"}],"version-history":[{"count":10,"href":"https:\/\/blog.espol.edu.ec\/yojeda\/wp-json\/wp\/v2\/pages\/196\/revisions"}],"predecessor-version":[{"id":307,"href":"https:\/\/blog.espol.edu.ec\/yojeda\/wp-json\/wp\/v2\/pages\/196\/revisions\/307"}],"wp:attachment":[{"href":"https:\/\/blog.espol.edu.ec\/yojeda\/wp-json\/wp\/v2\/media?parent=196"}],"curies":[{"name":"wp","href":"https:\/\/api.w.org\/{rel}","templated":true}]}}