{"id":199,"date":"2009-08-08T17:55:31","date_gmt":"2009-08-08T21:55:31","guid":{"rendered":"http:\/\/blog.espol.edu.ec\/yojeda\/?page_id=199"},"modified":"2009-08-11T10:29:33","modified_gmt":"2009-08-11T14:29:33","slug":"reciclaje-de-plasticospapeles","status":"publish","type":"page","link":"https:\/\/blog.espol.edu.ec\/yojeda\/reciclaje-de-plasticospapeles\/","title":{"rendered":"**RECICLAJE DE PL\u00c1STICOS,PAPELES**"},"content":{"rendered":"<p><a href=\"http:\/\/blog.espol.edu.ec\/yojeda\/files\/2009\/08\/reciclaje-simbolo.jpg\"><img loading=\"lazy\" decoding=\"async\" class=\"alignleft size-thumbnail wp-image-168\" src=\"http:\/\/blog.espol.edu.ec\/yojeda\/files\/2009\/08\/reciclaje-simbolo-150x150.jpg\" alt=\"reciclaje-simbolo\" width=\"111\" height=\"92\" \/><\/a>En Ecuador se ha impulsado m\u00e1s lo que es el reciclaje de Pl\u00e1sticos, Papel ya que en este pa\u00eds solo sabemos de este tipo de reciclaje.<\/p>\n<p>Para que Ecuador incrementar\u00e1 este tipo de reciclaje muchas organizaciones\u00a0p\u00fablicas y privadas\u00a0encargadas de preservar el Medio Ambiente\u00a0han hecho muchas campa\u00f1as en especial en\u00a0las escuelas, colegios, ya que se han dado cuenta que si se impulsa desde\u00a0 la educaci\u00f3n b\u00e1sica es mucho m\u00e1s f\u00e1cil que la sociedad de ma\u00f1ana ya crezca con la buena costumbre de reciclar.<a href=\"http:\/\/blog.espol.edu.ec\/yojeda\/files\/2009\/08\/papel-reciclado-reciclar.jpg\"><img loading=\"lazy\" decoding=\"async\" class=\"alignright size-thumbnail wp-image-158\" src=\"http:\/\/blog.espol.edu.ec\/yojeda\/files\/2009\/08\/papel-reciclado-reciclar-150x150.jpg\" alt=\"papel-reciclado-reciclar\" width=\"102\" height=\"149\" \/><\/a><\/p>\n<p>En Ecuador hay lugares\u00a0que compran \u00a0papel, cartones, pl\u00e1sticos para procesarlos y esto es una cierta manera de impulsar el reciclaje, ya que de una manera este tipo de actividades nos impulsan a reciclar ,ya que,\u00a0nos dan una gratificaci\u00f3n, aunque no es mucha, para las personas que viven de esta manera-que se encargan de reciclar-.<\/p>\n<p><a href=\"http:\/\/blog.espol.edu.ec\/yojeda\/files\/2009\/08\/reciclaje-plastico-botellas.jpg\"><img loading=\"lazy\" decoding=\"async\" class=\"alignleft size-thumbnail wp-image-165\" src=\"http:\/\/blog.espol.edu.ec\/yojeda\/files\/2009\/08\/reciclaje-plastico-botellas-150x150.jpg\" alt=\"reciclaje-plastico-botellas\" width=\"150\" height=\"150\" \/><\/a>En lugares donde el reciclar es una costumbre ya tienen normas como usar diferentes colores para los tachos para colocar la basura, en nuestro pa\u00eds pocas personas utilizan este sistema de separar la basura y colocarla en el tacho que le corresponda. Utilizan siempre 3 tipos de tacho que son para: Pl\u00e1sticos, Papel, Vidrio, Residuos Org\u00e1nicos(Basura que no es recilable ejemplo: cascara de frutas,etc.).<\/p>\n<p><strong><\/strong><\/p>\n<p><strong><\/strong><\/p>\n<p><strong>Este video nos muestra el proceso de reciclaje de los Pl\u00e1sticos... =)<\/strong><\/p>\n<p><object width=\"400\" height=\"250\" data=\"http:\/\/www.youtube.com\/v\/hs3dj2p79v4&amp;hl=es&amp;fs=1&amp;color1=0x5d1719&amp;color2=0xcd311b\" type=\"application\/x-shockwave-flash\"><param name=\"allowFullScreen\" value=\"true\" \/><param name=\"allowscriptaccess\" value=\"always\" \/><param name=\"src\" value=\"http:\/\/www.youtube.com\/v\/hs3dj2p79v4&amp;hl=es&amp;fs=1&amp;color1=0x5d1719&amp;color2=0xcd311b\" \/><param name=\"allowfullscreen\" value=\"true\" \/><\/object><\/p>\n<p><object width=\"400\" height=\"250\" data=\"http:\/\/www.youtube.com\/v\/JCAlpotgNHo&amp;hl=es&amp;fs=1&amp;color1=0x234900&amp;color2=0x4e9e00\" type=\"application\/x-shockwave-flash\"><param name=\"allowFullScreen\" value=\"true\" \/><param name=\"allowscriptaccess\" value=\"always\" \/><param name=\"src\" value=\"http:\/\/www.youtube.com\/v\/JCAlpotgNHo&amp;hl=es&amp;fs=1&amp;color1=0x234900&amp;color2=0x4e9e00\" \/><param name=\"allowfullscreen\" value=\"true\" \/><\/object><\/p>\n<p><strong>Este video de aqu\u00ed nos muestra todo lo que se puede hacer con las botellas de pl\u00e1stico reciclables..............<\/strong><\/p>\n","protected":false},"excerpt":{"rendered":"<p>En Ecuador se ha impulsado m\u00e1s lo que es el reciclaje de Pl\u00e1sticos, Papel ya que en este pa\u00eds solo sabemos de este tipo de reciclaje. Para que Ecuador incrementar\u00e1 este tipo de reciclaje muchas organizaciones\u00a0p\u00fablicas y privadas\u00a0encargadas de preservar el Medio Ambiente\u00a0han hecho muchas campa\u00f1as en especial en\u00a0las escuelas, colegios, ya que se han [&hellip;]<\/p>\n","protected":false},"author":1822,"featured_media":0,"parent":0,"menu_order":0,"comment_status":"open","ping_status":"open","template":"","meta":{"footnotes":""},"class_list":["post-199","page","type-page","status-publish","hentry"],"_links":{"self":[{"href":"https:\/\/blog.espol.edu.ec\/yojeda\/wp-json\/wp\/v2\/pages\/199","targetHints":{"allow":["GET"]}}],"collection":[{"href":"https:\/\/blog.espol.edu.ec\/yojeda\/wp-json\/wp\/v2\/pages"}],"about":[{"href":"https:\/\/blog.espol.edu.ec\/yojeda\/wp-json\/wp\/v2\/types\/page"}],"author":[{"embeddable":true,"href":"https:\/\/blog.espol.edu.ec\/yojeda\/wp-json\/wp\/v2\/users\/1822"}],"replies":[{"embeddable":true,"href":"https:\/\/blog.espol.edu.ec\/yojeda\/wp-json\/wp\/v2\/comments?post=199"}],"version-history":[{"count":15,"href":"https:\/\/blog.espol.edu.ec\/yojeda\/wp-json\/wp\/v2\/pages\/199\/revisions"}],"predecessor-version":[{"id":310,"href":"https:\/\/blog.espol.edu.ec\/yojeda\/wp-json\/wp\/v2\/pages\/199\/revisions\/310"}],"wp:attachment":[{"href":"https:\/\/blog.espol.edu.ec\/yojeda\/wp-json\/wp\/v2\/media?parent=199"}],"curies":[{"name":"wp","href":"https:\/\/api.w.org\/{rel}","templated":true}]}}