{"id":215,"date":"2009-08-08T17:56:26","date_gmt":"2009-08-08T21:56:26","guid":{"rendered":"http:\/\/blog.espol.edu.ec\/yojeda\/?page_id=215"},"modified":"2009-08-08T17:56:26","modified_gmt":"2009-08-08T21:56:26","slug":"usar-etanol-en-lugar-de-gasolina","status":"publish","type":"page","link":"https:\/\/blog.espol.edu.ec\/yojeda\/usar-etanol-en-lugar-de-gasolina\/","title":{"rendered":"**USAR ETANOL ,EN LUGAR DE GASOLINA**"},"content":{"rendered":"<p><a href=\"http:\/\/blog.espol.edu.ec\/yojeda\/files\/2009\/08\/etanol3.jpg\"><img loading=\"lazy\" decoding=\"async\" class=\"alignright size-thumbnail wp-image-152\" src=\"http:\/\/blog.espol.edu.ec\/yojeda\/files\/2009\/08\/etanol3-150x150.jpg\" alt=\"etanol3\" width=\"150\" height=\"150\" \/><\/a>El Gobierno pondr\u00e1 en marcha en Guayaquil , ser\u00e1 el Plan Piloto de Biocombustible que ayudar\u00e1 al Ecuador ahorrar alrededor de $32 millones por a\u00f1o, el plan consiste en usar Etanol proveniente de la ca\u00f1a de az\u00facar en lugar de\u00a0importar y usar\u00a0Nafta de Alto Octano la cual se la utiliza para satisfacer la demanda de gasolina extra.<\/p>\n<p><a href=\"http:\/\/blog.espol.edu.ec\/yojeda\/files\/2009\/08\/etanol1.jpg\"><img loading=\"lazy\" decoding=\"async\" class=\"size-thumbnail wp-image-151 alignleft\" src=\"http:\/\/blog.espol.edu.ec\/yojeda\/files\/2009\/08\/etanol1-150x150.jpg\" alt=\"etanol1\" width=\"150\" height=\"150\" \/><\/a>Este programa a pesar que representa de gran ayuda para el cuidado del medio ambiente y en nuestra econom\u00eda no se lo ha tomado mucho en serio, ya que este programa tiene muchas ventajas como:<\/p>\n<ul>\n<li>Dismunuci\u00f3n del uso de combustible f\u00f3sil y recursos no renovables que causan\u00a0menor contaminaci\u00f3n .<\/li>\n<li>Generaci\u00f3n de empleo y aumento de producci\u00f3n.<\/li>\n<li>Entre otras ventajas econ\u00f3micas.<\/li>\n<\/ul>\n<p><strong>Este video muestra como fabrican Etanol en una Comunidad que cosechan Ca\u00f1a de Az\u00facar....<\/strong><\/p>\n<p><object width=\"400\" height=\"250\" data=\"http:\/\/www.youtube.com\/v\/8XqZ5Fzf6B0&amp;hl=es&amp;fs=1&amp;color1=0xe1600f&amp;color2=0xfebd01\" type=\"application\/x-shockwave-flash\"><param name=\"allowFullScreen\" value=\"true\" \/><param name=\"allowscriptaccess\" value=\"always\" \/><param name=\"src\" value=\"http:\/\/www.youtube.com\/v\/8XqZ5Fzf6B0&amp;hl=es&amp;fs=1&amp;color1=0xe1600f&amp;color2=0xfebd01\" \/><\/object><\/p>\n<p><strong><\/strong><\/p>\n<p><strong>Este video nos muestra como el Eatnol es muy \u00fatil en el presente y en el futuro... sus ventjas<\/strong><\/p>\n<p><object width=\"400\" height=\"250\" data=\"http:\/\/www.youtube.com\/v\/twVS2eRcGD8&amp;hl=es&amp;fs=1&amp;color1=0x006699&amp;color2=0x54abd6\" type=\"application\/x-shockwave-flash\"><param name=\"allowFullScreen\" value=\"true\" \/><param name=\"allowscriptaccess\" value=\"always\" \/><param name=\"src\" value=\"http:\/\/www.youtube.com\/v\/twVS2eRcGD8&amp;hl=es&amp;fs=1&amp;color1=0x006699&amp;color2=0x54abd6\" \/><\/object><\/p>\n","protected":false},"excerpt":{"rendered":"<p>El Gobierno pondr\u00e1 en marcha en Guayaquil , ser\u00e1 el Plan Piloto de Biocombustible que ayudar\u00e1 al Ecuador ahorrar alrededor de $32 millones por a\u00f1o, el plan consiste en usar Etanol proveniente de la ca\u00f1a de az\u00facar en lugar de\u00a0importar y usar\u00a0Nafta de Alto Octano la cual se la utiliza para satisfacer la demanda de [&hellip;]<\/p>\n","protected":false},"author":1822,"featured_media":0,"parent":0,"menu_order":0,"comment_status":"open","ping_status":"open","template":"","meta":{"footnotes":""},"class_list":["post-215","page","type-page","status-publish","hentry"],"_links":{"self":[{"href":"https:\/\/blog.espol.edu.ec\/yojeda\/wp-json\/wp\/v2\/pages\/215","targetHints":{"allow":["GET"]}}],"collection":[{"href":"https:\/\/blog.espol.edu.ec\/yojeda\/wp-json\/wp\/v2\/pages"}],"about":[{"href":"https:\/\/blog.espol.edu.ec\/yojeda\/wp-json\/wp\/v2\/types\/page"}],"author":[{"embeddable":true,"href":"https:\/\/blog.espol.edu.ec\/yojeda\/wp-json\/wp\/v2\/users\/1822"}],"replies":[{"embeddable":true,"href":"https:\/\/blog.espol.edu.ec\/yojeda\/wp-json\/wp\/v2\/comments?post=215"}],"version-history":[{"count":8,"href":"https:\/\/blog.espol.edu.ec\/yojeda\/wp-json\/wp\/v2\/pages\/215\/revisions"}],"predecessor-version":[{"id":285,"href":"https:\/\/blog.espol.edu.ec\/yojeda\/wp-json\/wp\/v2\/pages\/215\/revisions\/285"}],"wp:attachment":[{"href":"https:\/\/blog.espol.edu.ec\/yojeda\/wp-json\/wp\/v2\/media?parent=215"}],"curies":[{"name":"wp","href":"https:\/\/api.w.org\/{rel}","templated":true}]}}