{"id":255,"date":"2009-08-08T17:32:57","date_gmt":"2009-08-08T21:32:57","guid":{"rendered":"http:\/\/blog.espol.edu.ec\/yojeda\/?page_id=255"},"modified":"2009-08-08T17:32:57","modified_gmt":"2009-08-08T21:32:57","slug":"%c2%abyop%c2%bb","status":"publish","type":"page","link":"https:\/\/blog.espol.edu.ec\/yojeda\/%c2%abyop%c2%bb\/","title":{"rendered":"\u00abYOP\u00bb"},"content":{"rendered":"<p><a href=\"http:\/\/blog.espol.edu.ec\/yojeda\/files\/2009\/08\/jpyq8c997207-02.jpg\"><img loading=\"lazy\" decoding=\"async\" class=\"alignleft size-thumbnail wp-image-261\" src=\"http:\/\/blog.espol.edu.ec\/yojeda\/files\/2009\/08\/jpyq8c997207-02-150x150.jpg\" alt=\"jpyq8c997207-02\" width=\"146\" height=\"110\" srcset=\"https:\/\/blog.espol.edu.ec\/yojeda\/files\/2009\/08\/jpyq8c997207-02-300x224.jpg 300w, https:\/\/blog.espol.edu.ec\/yojeda\/files\/2009\/08\/jpyq8c997207-02.jpg 650w\" sizes=\"auto, (max-width: 146px) 100vw, 146px\" \/><\/a>Hola yo soy Yalenny Ojeda soy estudiante de la ESPOL , estudiante de la carrera Ing. en Auditor\u00eda y Contadur\u00eda P\u00fablica Autorizada(C.PA.), la instituci\u00f3n a la que pertenece mi carrera es el I.CM.<\/p>\n<p>Estudie toda mi vida en el Centro Educativo Bilingue Interamericano(C.E.BI) ah\u00ed pase todos mi buenos mommentos , angustias(lecciones) =).<\/p>\n<p>En el colegio hice buenas amigas que nunca olvidar\u00e9 ,ni los buenos momentos que pasabamos en las horas libres , cuando nos r<a href=\"http:\/\/blog.espol.edu.ec\/yojeda\/files\/2009\/08\/1jacaivj461cab2sji9cavasccncal996i7cae1fhkucaowspw0cagewntucaqj17rwcavbyefqcarm9c3bcaslqxcbcafj3mgzcambg24pca8ytoznca7arf3fca49uqs8camcx3l1.jpg\"><img loading=\"lazy\" decoding=\"async\" class=\"alignright size-full wp-image-262\" src=\"http:\/\/blog.espol.edu.ec\/yojeda\/files\/2009\/08\/1jacaivj461cab2sji9cavasccncal996i7cae1fhkucaowspw0cagewntucaqj17rwcavbyefqcarm9c3bcaslqxcbcafj3mgzcambg24pca8ytoznca7arf3fca49uqs8camcx3l1.jpg\" alt=\"1jacaivj461cab2sji9cavasccncal996i7cae1fhkucaowspw0cagewntucaqj17rwcavbyefqcarm9c3bcaslqxcbcafj3mgzcambg24pca8ytoznca7arf3fca49uqs8camcx3l1\" width=\"134\" height=\"108\" \/><\/a>e\u00edamos de todo...<\/p>\n<p>Me gradue de\u00a0 mi colegio de especializaci\u00f3n \"Inform\u00e1tica\".<\/p>\n<p>Bueno mis interes son me gusta nadar, escuchar m\u00fasica, ver televisi\u00f3n claro siempre y cuando se pueda..., desde que tendre a la ESPOL tambi\u00e9n me ha gustado leer.... =) . Me gusta toda clase de m\u00fasica menos rock...<\/p>\n<p>Bueno esta es minibiograf\u00eda, espero que le haya gustado...<\/p>\n","protected":false},"excerpt":{"rendered":"<p>Hola yo soy Yalenny Ojeda soy estudiante de la ESPOL , estudiante de la carrera Ing. en Auditor\u00eda y Contadur\u00eda P\u00fablica Autorizada(C.PA.), la instituci\u00f3n a la que pertenece mi carrera es el I.CM. Estudie toda mi vida en el Centro Educativo Bilingue Interamericano(C.E.BI) ah\u00ed pase todos mi buenos mommentos , angustias(lecciones) =). En el colegio [&hellip;]<\/p>\n","protected":false},"author":1822,"featured_media":0,"parent":0,"menu_order":0,"comment_status":"open","ping_status":"open","template":"","meta":{"footnotes":""},"class_list":["post-255","page","type-page","status-publish","hentry"],"_links":{"self":[{"href":"https:\/\/blog.espol.edu.ec\/yojeda\/wp-json\/wp\/v2\/pages\/255","targetHints":{"allow":["GET"]}}],"collection":[{"href":"https:\/\/blog.espol.edu.ec\/yojeda\/wp-json\/wp\/v2\/pages"}],"about":[{"href":"https:\/\/blog.espol.edu.ec\/yojeda\/wp-json\/wp\/v2\/types\/page"}],"author":[{"embeddable":true,"href":"https:\/\/blog.espol.edu.ec\/yojeda\/wp-json\/wp\/v2\/users\/1822"}],"replies":[{"embeddable":true,"href":"https:\/\/blog.espol.edu.ec\/yojeda\/wp-json\/wp\/v2\/comments?post=255"}],"version-history":[{"count":8,"href":"https:\/\/blog.espol.edu.ec\/yojeda\/wp-json\/wp\/v2\/pages\/255\/revisions"}],"predecessor-version":[{"id":268,"href":"https:\/\/blog.espol.edu.ec\/yojeda\/wp-json\/wp\/v2\/pages\/255\/revisions\/268"}],"wp:attachment":[{"href":"https:\/\/blog.espol.edu.ec\/yojeda\/wp-json\/wp\/v2\/media?parent=255"}],"curies":[{"name":"wp","href":"https:\/\/api.w.org\/{rel}","templated":true}]}}