{"id":68,"date":"2009-08-08T17:53:09","date_gmt":"2009-08-08T21:53:09","guid":{"rendered":"http:\/\/blog.espol.edu.ec\/yojeda\/?page_id=68"},"modified":"2009-08-08T17:53:23","modified_gmt":"2009-08-08T21:53:23","slug":"ecuador-y-el-medio-ambiente","status":"publish","type":"page","link":"https:\/\/blog.espol.edu.ec\/yojeda\/ecuador-y-el-medio-ambiente\/","title":{"rendered":"ECUADOR Y EL MEDIO AMBIENTE!"},"content":{"rendered":"<p><strong><\/strong><\/p>\n<p><strong>En esta paginas encontraras como los ecuatorianos hemos ido destruyendo nuestro medio ambiente poco....!<\/strong><br \/>\n<strong><\/strong><\/p>\n<p><strong><span style=\"font-size: 20pt;font-family: &quot;Times New Roman&quot;,&quot;serif&amp;quot\">Problemas Ambientales en el ECUADOR<\/span><\/strong><\/p>\n<p class=\"MsoNormal\" style=\"text-align: left\"><span style=\"font-size: 12pt;font-family: &quot;Times New Roman&quot;,&quot;serif&amp;quot\">Los problemas ambientales son causados por los procesos o comportamientos humanos en lo econ\u00f3mico, social, cultura y pol\u00edticos, entre otros, que trasntornan el entorno y ocasionan impactos negativos sobre el ambiente, la econom\u00eda y la sociedad .En el ECUADOR ha y cuatro grandes problemas:<\/span><\/p>\n<p class=\"MsoNormal\">\n<ul type=\"disc\">\n<li class=\"MsoNormal\"><span style=\"font-size: 12pt;font-family: &quot;Times New Roman&quot;,&quot;serif&amp;quot\">La destrucci\u00f3n y fragmentaci\u00f3n de los h\u00e1bitats.<\/span><\/li>\n<li class=\"MsoNormal\"><span style=\"font-size: 12pt;font-family: &quot;Times New Roman&quot;,&quot;serif&amp;quot\">La introducci\u00f3n de especies ex\u00f3ticas<\/span><\/li>\n<li class=\"MsoNormal\"><span style=\"font-size: 12pt;font-family: &quot;Times New Roman&quot;,&quot;serif&amp;quot\">La sobreexplotaci\u00f3n de recursos naturales <\/span><\/li>\n<li class=\"MsoNormal\"><span style=\"font-size: 12pt;font-family: &quot;Times New Roman&quot;,&quot;serif&amp;quot\">Contaminaci\u00f3n.<\/span><\/li>\n<\/ul>\n<p><span style=\"font-size: 12pt;font-family: &quot;Times New Roman&quot;,&quot;serif&amp;quot\">Los\u00a0 problemas ambientales en ECUADOR comemzaron a gran escal a partir de la modernizaci\u00f3n del pa\u00eds, aproximadamente desde la d\u00e9cada de 1950. =( <\/span><\/p>\n<p class=\"MsoNormal\"><span style=\"font-size: 12pt;font-family: &quot;Times New Roman&quot;,&quot;serif&amp;quot\">A esto sum\u00e9mosle el cambio de clim\u00e1tico global, cuyos efectos a mediano y largo plazo ponen en riesgo la biodiversidad y la calidad de vida de toda la humanidad.<\/span><\/p>\n<p><object width=\"400\" height=\"250\" data=\"http:\/\/www.youtube.com\/v\/_u6k8hKrD0U&amp;hl=es&amp;fs=1&amp;color1=0x3a3a3a&amp;color2=0x999999\" type=\"application\/x-shockwave-flash\"><param name=\"allowFullScreen\" value=\"true\" \/><param name=\"allowscriptaccess\" value=\"always\" \/><param name=\"src\" value=\"http:\/\/www.youtube.com\/v\/_u6k8hKrD0U&amp;hl=es&amp;fs=1&amp;color1=0x3a3a3a&amp;color2=0x999999\" \/><\/object><\/p>\n<p>-----------------------------------------------------------------------------------<\/p>\n<p><strong>Problemas en la Amazonia <\/strong><\/p>\n<p><a title=\"podras ver el caso ecuador vs. ecuador\" href=\"http:\/\/blog.espol.edu.ec\/yojeda\/files\/2009\/08\/vinculo.ppt\" target=\"_blank\">Descarga los casos sobre derrame de petroleo en la Amazonia.. <\/a>=)<\/p>\n<p><object width=\"400\" height=\"250\" data=\"http:\/\/www.youtube.com\/v\/4M1_-CXysFM&amp;hl=es&amp;fs=1&amp;color1=0x3a3a3a&amp;color2=0x999999\" type=\"application\/x-shockwave-flash\"><param name=\"allowFullScreen\" value=\"true\" \/><param name=\"allowscriptaccess\" value=\"always\" \/><param name=\"src\" value=\"http:\/\/www.youtube.com\/v\/4M1_-CXysFM&amp;hl=es&amp;fs=1&amp;color1=0x3a3a3a&amp;color2=0x999999\" \/><param name=\"allowfullscreen\" value=\"true\" \/><\/object><\/p>\n<div><span style=\"font-size: 12pt;font-family: &quot;Times New Roman&quot;,&quot;serif&amp;quot\">Los Ecuatorianaos debemos de tener bien en claro que DIOS nos ha bendecido con muchas bondades de\u00a0 la naturales. Nosotrso vivimos como destructores de nuestros propios recursos ya que hemos crecido en una sociedad que no le da la importancia del caso al medio ambeinte como cuandobotamos basura a la calle, o cuando le damos la aprobaci\u00f3n a empresas transnacionles que lo \u00fanico que les importa es extraer nuestros minerales sin importarles a quien llevan por delante de ellos.....<\/span><\/div>\n<div><span style=\"font-size: 12pt;font-family: &quot;Times New Roman&quot;,&quot;serif&amp;quot\">Es por eso que debemos apoyar a nuetros hermanos de la Amzon\u00eda encontra de Texaco.... =)<\/span><br \/>\n-------------------------------------------------------------------------------------<\/div>\n<p class=\"MsoNormal\"><strong>Otro Gran problema en el es el uso Indiscrinado de la Eneg\u00eda El\u00e9ctrica!<\/strong><\/p>\n<p>Otro gran problema de Ecuador es el uso indiscriminado de la energ\u00eda el\u00e9ctrica y esta es una principales causas del todo el planeta....<\/p>\n<p>Por ello, aqu\u00ed encontrar\u00e1s algunos consejitos que los podr\u00e1s aplicar en tu hogar para ayudar al mundo a detener un poco el da\u00f1o en nuestro pa\u00eds , pero sobretodo el planeta, <a title=\"Consejos para ahorrar energ\u00eda\" href=\"http:\/\/blog.espol.edu.ec\/yojeda\/?page_id=75\" target=\"_self\">CLICK AQU\u00cd<\/a>. =)<\/p>\n<p>-------------------------------------------------------------------------------------------<\/p>\n","protected":false},"excerpt":{"rendered":"<p>En esta paginas encontraras como los ecuatorianos hemos ido destruyendo nuestro medio ambiente poco....! Problemas Ambientales en el ECUADOR Los problemas ambientales son causados por los procesos o comportamientos humanos en lo econ\u00f3mico, social, cultura y pol\u00edticos, entre otros, que trasntornan el entorno y ocasionan impactos negativos sobre el ambiente, la econom\u00eda y la sociedad [&hellip;]<\/p>\n","protected":false},"author":1822,"featured_media":0,"parent":0,"menu_order":0,"comment_status":"open","ping_status":"open","template":"","meta":{"footnotes":""},"class_list":["post-68","page","type-page","status-publish","hentry"],"_links":{"self":[{"href":"https:\/\/blog.espol.edu.ec\/yojeda\/wp-json\/wp\/v2\/pages\/68","targetHints":{"allow":["GET"]}}],"collection":[{"href":"https:\/\/blog.espol.edu.ec\/yojeda\/wp-json\/wp\/v2\/pages"}],"about":[{"href":"https:\/\/blog.espol.edu.ec\/yojeda\/wp-json\/wp\/v2\/types\/page"}],"author":[{"embeddable":true,"href":"https:\/\/blog.espol.edu.ec\/yojeda\/wp-json\/wp\/v2\/users\/1822"}],"replies":[{"embeddable":true,"href":"https:\/\/blog.espol.edu.ec\/yojeda\/wp-json\/wp\/v2\/comments?post=68"}],"version-history":[{"count":37,"href":"https:\/\/blog.espol.edu.ec\/yojeda\/wp-json\/wp\/v2\/pages\/68\/revisions"}],"predecessor-version":[{"id":312,"href":"https:\/\/blog.espol.edu.ec\/yojeda\/wp-json\/wp\/v2\/pages\/68\/revisions\/312"}],"wp:attachment":[{"href":"https:\/\/blog.espol.edu.ec\/yojeda\/wp-json\/wp\/v2\/media?parent=68"}],"curies":[{"name":"wp","href":"https:\/\/api.w.org\/{rel}","templated":true}]}}