{"id":1,"date":"2008-10-22T22:28:34","date_gmt":"2008-10-23T02:28:34","guid":{"rendered":""},"modified":"2013-09-19T13:03:57","modified_gmt":"2013-09-19T18:03:57","slug":"about","status":"publish","type":"page","link":"https:\/\/blog.espol.edu.ec\/yunie\/about\/","title":{"rendered":"Sobre mi u.u"},"content":{"rendered":"<p>Si estas aqui es porque te dio curiosidad de saber quien mismo es que soy u.u bueno pues aqui escribire un poco sobre mi biografia O.o<\/p>\n<p>&nbsp;<\/p>\n<p><strong>Nombre:<\/strong> Andrea Rodriguez Ortiz<\/p>\n<p><strong>Edad:<\/strong> 22 a\u00f1os<\/p>\n<p><strong>Cumpleanios:<\/strong> 5 de julio (No lo olviden \ud83d\ude1b )<\/p>\n<p><strong>Estudios:<\/strong><\/p>\n<p>Primaria y Secundaria: Unidad Educativa Santo Domingo de Guzman<\/p>\n<p>Superior: Ingenier\u00eda en Ciencias Computacionales Especializaci\u00f3n Sistemas de Informaci\u00f3n \ud83d\ude00 en ESPOL (algo obvio xD)<\/p>\n<p><strong>Idiomas<\/strong><\/p>\n<ul>\n<li>Espa\u00f1ol<\/li>\n<li>Ingl\u00e9s<\/li>\n<li>Aleman - 60%<\/li>\n<li>Chino Mandarin - 15% u.u<\/li>\n<\/ul>\n<p><strong>Videojuegos Favoritos:<\/strong> Toda la saga de los Final Fantasy, Lineage II, Combat Arms, Kingdom Hearts, todos los Resident Evil, Dance Dance Revolution, Dance! Online, Los Sims, Super Mario World (xD), Street Fighter, Paper Mario, Brain Age, Silent Hill, etc<\/p>\n<p><strong>Series de TV favoritas: <\/strong>Los Simpsons, Futurama, Terminator: The Sarah Connor Chronicles.<\/p>\n<p><strong>Peliculas favoritas:<\/strong> Chicago, Sweeney Todd, Shrek, Final Fantasy AC, El Senior de los Anillos, La Sirenita (xD), muchas peliculas de Disney, Piratas del Caribe.<\/p>\n<p><strong>Actor Favorito:<\/strong> Johnny Depp.<\/p>\n<p><strong>Grupos musicales favoritos:<\/strong> Epica, Korn, Dream Evil, Sonata Artica, Rhapsody, DragonForce, After Forever, Nightwish, Orgy, Rammstein, Silent Force, Tarja Turunen, Disturbed.<\/p>\n<p>Mi perfil de Gamer xD (solo juegos de PC obvio)<\/p>\n<p><a href=\"http:\/\/profile.xfire.com\/yunarinoa\"><img loading=\"lazy\" decoding=\"async\" style=\"border: 0pt none\" src=\"http:\/\/miniprofile.xfire.com\/bg\/sh\/type\/0\/yunarinoa.png\" alt=\"\" width=\"440\" height=\"111\" \/><\/a><\/p>\n<p>Mi perfil en Raptr<\/p>\n<p><a href=\"http:\/\/raptr.com\/Yunie_ec?src=em_forum\"><img decoding=\"async\" style=\"border: none\" src=\"http:\/\/raptr.com\/badge\/e3f3c5759034574daebddbc011e3dd38\/fs.png\" alt=\"Raptr Forum Signature\" \/><\/a><\/p>\n<p>Mi perfil en Steam<\/p>\n<p><a href=\"http:\/\/steamcommunity.com\/id\/yunie_ec\/\"><img decoding=\"async\" src=\"http:\/\/steamcard.com\/do\/nxe\/yunie_ec.png\" alt=\"\" \/><\/a><\/p>\n<p>Mi canal de Youtube<\/p>\n<p><a title=\"Mi canal de Youtube\" href=\"http:\/\/www.youtube.com\/user\/oYunie\" target=\"_blank\"><img loading=\"lazy\" decoding=\"async\" class=\"alignnone\" style=\"margin: 10px;border: 0px initial initial\" src=\"http:\/\/i34.photobucket.com\/albums\/d116\/yunitaxd\/yt.jpg\" alt=\"Photobucket\" width=\"100\" height=\"100\" border=\"0\" \/><\/a><\/p>\n<p>Comunidades que dirijo<\/p>\n<p><a href=\"http:\/\/blog.espol.edu.ec\/culturadigital\" target=\"_blank\"><img loading=\"lazy\" decoding=\"async\" class=\"alignnone size-full wp-image-1241\" src=\"http:\/\/blog.espol.edu.ec\/yunie\/files\/2008\/12\/ccd4.png\" alt=\"\" width=\"150\" height=\"150\" \/><\/a><a href=\"http:\/\/ecuagamers.com\" target=\"_blank\"><img loading=\"lazy\" decoding=\"async\" class=\"alignnone size-full wp-image-1242\" src=\"http:\/\/blog.espol.edu.ec\/yunie\/files\/2008\/10\/eg.png\" alt=\"\" width=\"170\" height=\"90\" \/><\/a><\/p>\n","protected":false},"excerpt":{"rendered":"<p>Si estas aqui es porque te dio curiosidad de saber quien mismo es que soy u.u bueno pues aqui escribire un poco sobre mi biografia O.o &nbsp; Nombre: Andrea Rodriguez Ortiz Edad: 22 a\u00f1os Cumpleanios: 5 de julio (No lo olviden \ud83d\ude1b ) Estudios: Primaria y Secundaria: Unidad Educativa Santo Domingo de Guzman Superior: Ingenier\u00eda [&hellip;]<\/p>\n","protected":false},"author":261,"featured_media":0,"parent":0,"menu_order":0,"comment_status":"open","ping_status":"open","template":"","meta":{"_monsterinsights_skip_tracking":false,"_monsterinsights_sitenote_active":false,"_monsterinsights_sitenote_note":"","_monsterinsights_sitenote_category":0,"footnotes":""},"class_list":["post-1","page","type-page","status-publish","hentry"],"_links":{"self":[{"href":"https:\/\/blog.espol.edu.ec\/yunie\/wp-json\/wp\/v2\/pages\/1","targetHints":{"allow":["GET"]}}],"collection":[{"href":"https:\/\/blog.espol.edu.ec\/yunie\/wp-json\/wp\/v2\/pages"}],"about":[{"href":"https:\/\/blog.espol.edu.ec\/yunie\/wp-json\/wp\/v2\/types\/page"}],"author":[{"embeddable":true,"href":"https:\/\/blog.espol.edu.ec\/yunie\/wp-json\/wp\/v2\/users\/261"}],"replies":[{"embeddable":true,"href":"https:\/\/blog.espol.edu.ec\/yunie\/wp-json\/wp\/v2\/comments?post=1"}],"version-history":[{"count":47,"href":"https:\/\/blog.espol.edu.ec\/yunie\/wp-json\/wp\/v2\/pages\/1\/revisions"}],"predecessor-version":[{"id":5,"href":"https:\/\/blog.espol.edu.ec\/yunie\/wp-json\/wp\/v2\/pages\/1\/revisions\/5"}],"wp:attachment":[{"href":"https:\/\/blog.espol.edu.ec\/yunie\/wp-json\/wp\/v2\/media?parent=1"}],"curies":[{"name":"wp","href":"https:\/\/api.w.org\/{rel}","templated":true}]}}