{"id":253,"date":"2008-12-09T21:14:15","date_gmt":"2008-12-10T02:14:15","guid":{"rendered":"http:\/\/blog.espol.edu.ec\/yunie\/?page_id=253"},"modified":"2009-02-19T22:07:22","modified_gmt":"2009-02-20T03:07:22","slug":"espiritu-politecnico","status":"publish","type":"page","link":"https:\/\/blog.espol.edu.ec\/yunie\/espiritu-politecnico\/","title":{"rendered":"* Esp\u00edritu Polit\u00e9cnico! *"},"content":{"rendered":"<p>Esta vez me dio por crear algunos \u00edconos que nos representen como polit\u00e9cnicos en cualquier lado, yo se que muchos de ustedes, as\u00ed como yo, estamos orgullosos de ser polit\u00e9cnicos, as\u00ed que, pongo a su disposici\u00f3n estos \u00edconos y userbars para que las usen como quieran.<\/p>\n<p>Si tienen un sitio web o blog, Hi5, etc, solo copien el c\u00f3digo que pongo y listo \ud83d\ude42 y si enlazan de alguna otra manera, asegurense de usar el link que les proporciono, gracias ^^ y espero que les gusten. Cada vez ir\u00e9 poniendo m\u00e1s y m\u00e1s.<\/p>\n<p>****OJO**** Si quieren publicar estos dise\u00f1os en foros, el c\u00f3digo HTML es m\u00e1s probable que est\u00e9 deshabilitado, as\u00ed que en ese caso tendr\u00e1n que usar BBCODE con la misma direcci\u00f3n de la imagen.<\/p>\n<p>------------------------------------------------------<\/p>\n<p><img loading=\"lazy\" decoding=\"async\" src=\"http:\/\/blog.espol.edu.ec\/yunie\/files\/2008\/12\/banner5.jpg\" alt=\"ESPOL\" width=\"100\" height=\"47\" \/><br \/>\n<strong>HTML (Hi5, sitios web, etc)<br \/>\n<\/strong><\/p>\n<pre>&lt;a href=\"http:\/\/blog.espol.edu.ec\/yunie\/espiritu-politecnico\/\"&gt;&lt;img src=\"http:\/\/blog.espol.edu.ec\/yunie\/files\/2008\/12\/banner5.jpg\" alt=\"Espol\"&gt;&lt;\/a&gt;<\/pre>\n<p><strong>BBCODE (Foros)<br \/>\n<\/strong><\/p>\n<pre>[url=http:\/\/blog.espol.edu.ec\/yunie\/espiritu-politecnico\/][img]http:\/\/blog.espol.edu.ec\/yunie\/files\/2008\/12\/banner5.jpg[\/img][\/url]<\/pre>\n<p>------------------------------------------------------<br \/>\n<img loading=\"lazy\" decoding=\"async\" src=\"http:\/\/blog.espol.edu.ec\/yunie\/files\/2008\/12\/banner6.jpg\" alt=\"ESPOL\" width=\"100\" height=\"47\" \/><\/p>\n<pre>&lt;a href=\"http:\/\/blog.espol.edu.ec\/yunie\/espiritu-politecnico\/\"&gt;&lt;img src=\"http:\/\/blog.espol.edu.ec\/yunie\/files\/2008\/12\/banner6.jpg\" alt=\"Espol\"&gt;&lt;\/a&gt;<\/pre>\n<p>------------------------------------------------------<br \/>\n<img loading=\"lazy\" decoding=\"async\" src=\"http:\/\/blog.espol.edu.ec\/yunie\/files\/2008\/12\/banner7.jpg\" alt=\"ESPOL\" width=\"100\" height=\"47\" \/><\/p>\n<pre>&lt;a href=\"http:\/\/blog.espol.edu.ec\/yunie\/espiritu-politecnico\/\"&gt;&lt;img src=\"http:\/\/blog.espol.edu.ec\/yunie\/files\/2008\/12\/banner7.jpg\" alt=\"Espol\"&gt;&lt;\/a&gt;<\/pre>\n<p>------------------------------------------------------<br \/>\n<img loading=\"lazy\" decoding=\"async\" src=\"http:\/\/blog.espol.edu.ec\/yunie\/files\/2008\/12\/banner8.jpg\" alt=\"ESPOL\" width=\"100\" height=\"47\" \/><\/p>\n<pre>&lt;a href=\"http:\/\/blog.espol.edu.ec\/yunie\/espiritu-politecnico\/\"&gt;&lt;img src=\"http:\/\/blog.espol.edu.ec\/yunie\/files\/2008\/12\/banner8.jpg\" alt=\"Espol\"&gt;&lt;\/a&gt;<\/pre>\n<p>------------------------------------------------------<br \/>\n<img loading=\"lazy\" decoding=\"async\" src=\"http:\/\/blog.espol.edu.ec\/yunie\/files\/2008\/12\/banner.jpg\" alt=\"ESPOL\" width=\"200\" height=\"50\" \/><\/p>\n<pre>&lt;a href=\"http:\/\/blog.espol.edu.ec\/yunie\/espiritu-politecnico\/\"&gt;&lt;img src=\"http:\/\/blog.espol.edu.ec\/yunie\/files\/2008\/12\/banner.jpg\" alt=\"Espol\"&gt;&lt;\/a&gt;<\/pre>\n<p>------------------------------------------------------<br \/>\n<img loading=\"lazy\" decoding=\"async\" src=\"http:\/\/blog.espol.edu.ec\/yunie\/files\/2008\/12\/banner2.jpg\" alt=\"ESPOL\" width=\"200\" height=\"50\" \/><\/p>\n<pre>&lt;a href=\"http:\/\/blog.espol.edu.ec\/yunie\/espiritu-politecnico\/\"&gt;&lt;img src=\"http:\/\/blog.espol.edu.ec\/yunie\/files\/2008\/12\/banner2.jpg\" alt=\"Espol\"&gt;&lt;\/a&gt;<\/pre>\n<p>------------------------------------------------------<br \/>\n<img decoding=\"async\" src=\"http:\/\/blog.espol.edu.ec\/yunie\/files\/2008\/12\/banner4.jpg\" alt=\"ESPOL\" \/><\/p>\n<pre>&lt;a href=\"http:\/\/blog.espol.edu.ec\/yunie\/espiritu-politecnico\/\"&gt;&lt;img src=\"http:\/\/blog.espol.edu.ec\/yunie\/files\/2008\/12\/banner4.jpg\" alt=\"Espol\"&gt;&lt;\/a&gt;<\/pre>\n<p>------------------------------------------------------<br \/>\n<img decoding=\"async\" src=\"http:\/\/blog.espol.edu.ec\/yunie\/files\/2008\/12\/banner31.jpg\" alt=\"\" \/><\/p>\n<pre>&lt;a href=\"http:\/\/blog.espol.edu.ec\/yunie\/espiritu-politecnico\/\"&gt;&lt;img src=\"http:\/\/blog.espol.edu.ec\/yunie\/files\/2008\/12\/banner31.jpg\" alt=\"Espol\"&gt;&lt;\/a&gt;<\/pre>\n<p>------------------------------------------------------<br \/>\n<img decoding=\"async\" src=\"http:\/\/blog.espol.edu.ec\/yunie\/files\/2008\/12\/banner2.png\" alt=\"\" \/><\/p>\n<pre>&lt;a href=\"http:\/\/blog.espol.edu.ec\/yunie\/espiritu-politecnico\/\"&gt;&lt;img src=\"http:\/\/blog.espol.edu.ec\/yunie\/files\/2008\/12\/banner2.png\" alt=\"Espol\"&gt;&lt;\/a&gt;<\/pre>\n<p>------------------------------------------------------<br \/>\n<img decoding=\"async\" src=\"http:\/\/blog.espol.edu.ec\/yunie\/files\/2008\/12\/banner1.png\" alt=\"\" \/><\/p>\n<pre>&lt;a href=\"http:\/\/blog.espol.edu.ec\/yunie\/espiritu-politecnico\/\"&gt;&lt;img src=\"http:\/\/blog.espol.edu.ec\/yunie\/files\/2008\/12\/banner1.png\" alt=\"Espol\"&gt;&lt;\/a&gt;<\/pre>\n<p>------------------------------------------------------<\/p>\n<p><img decoding=\"async\" src=\"http:\/\/blog.espol.edu.ec\/yunie\/files\/2008\/12\/banner3.jpg\" alt=\"ESPOL\" \/><\/p>\n<pre>&lt;a href=\"http:\/\/blog.espol.edu.ec\/yunie\/espiritu-politecnico\/\"&gt;&lt;img src=\"http:\/\/blog.espol.edu.ec\/yunie\/files\/2008\/12\/banner3.jpg\" alt=\"Espol\"&gt;&lt;\/a&gt;<\/pre>\n<p>------------------------------------------------------<\/p>\n<p><img loading=\"lazy\" decoding=\"async\" src=\"http:\/\/blog.espol.edu.ec\/yunie\/files\/2008\/12\/fiec1.jpg\" alt=\"\" width=\"200\" height=\"50\" \/><\/p>\n<pre>&lt;a href=\"http:\/\/blog.espol.edu.ec\/yunie\/espiritu-politecnico\/\"&gt;&lt;img src=\"http:\/\/blog.espol.edu.ec\/yunie\/files\/2008\/12\/fiec1.jpg\" alt=\"Espol\"&gt;&lt;\/a&gt;<\/pre>\n<p>------------------------------------------------------<\/p>\n<p><img decoding=\"async\" src=\"http:\/\/blog.espol.edu.ec\/yunie\/files\/2008\/12\/fen.jpg\" alt=\"\" \/><\/p>\n<pre>&lt;a href=\"http:\/\/blog.espol.edu.ec\/yunie\/espiritu-politecnico\/\"&gt;&lt;img src=\"http:\/\/blog.espol.edu.ec\/yunie\/files\/2008\/12\/fen.jpg\" alt=\"Espol\"&gt;&lt;\/a&gt;<\/pre>\n<p>------------------------------------------------------<\/p>\n<p><img loading=\"lazy\" decoding=\"async\" src=\"http:\/\/blog.espol.edu.ec\/yunie\/files\/2008\/12\/fict.jpg\" alt=\"\" width=\"200\" height=\"50\" \/><\/p>\n<pre>&lt;a href=\"http:\/\/blog.espol.edu.ec\/yunie\/espiritu-politecnico\/\"&gt;&lt;img src=\"http:\/\/blog.espol.edu.ec\/yunie\/files\/2008\/12\/fict.jpg\" alt=\"Espol\"&gt;&lt;\/a&gt;<\/pre>\n<p>------------------------------------------------------<br \/>\n<img loading=\"lazy\" decoding=\"async\" src=\"http:\/\/blog.espol.edu.ec\/yunie\/files\/2008\/12\/fimcp.jpg\" alt=\"\" width=\"200\" height=\"50\" \/><\/p>\n<pre>&lt;a href=\"http:\/\/blog.espol.edu.ec\/yunie\/espiritu-politecnico\/\"&gt;&lt;img src=\"http:\/\/blog.espol.edu.ec\/yunie\/files\/2008\/12\/fimcp.jpg\" alt=\"Espol\"&gt;&lt;\/a&gt;<\/pre>\n<p>------------------------------------------------------<br \/>\n<img loading=\"lazy\" decoding=\"async\" src=\"http:\/\/blog.espol.edu.ec\/yunie\/files\/2008\/12\/fimcm.jpg\" alt=\"\" width=\"200\" height=\"50\" \/><\/p>\n<pre>&lt;a href=\"http:\/\/blog.espol.edu.ec\/yunie\/espiritu-politecnico\/\"&gt;&lt;img src=\"http:\/\/blog.espol.edu.ec\/yunie\/files\/2008\/12\/fimcm.jpg\" alt=\"Espol\"&gt;&lt;\/a&gt;<\/pre>\n<p>------------------------------------------------------<\/p>\n<p><img loading=\"lazy\" decoding=\"async\" src=\"http:\/\/blog.espol.edu.ec\/yunie\/files\/2008\/12\/icm.jpg\" alt=\"\" width=\"200\" height=\"50\" \/><\/p>\n<pre>&lt;a href=\"http:\/\/blog.espol.edu.ec\/yunie\/espiritu-politecnico\/\"&gt;&lt;img src=\"http:\/\/blog.espol.edu.ec\/yunie\/files\/2008\/12\/icm.jpg\" alt=\"Espol\"&gt;&lt;\/a&gt;<\/pre>\n<p>------------------------------------------------------<\/p>\n<p><img loading=\"lazy\" decoding=\"async\" src=\"http:\/\/blog.espol.edu.ec\/yunie\/files\/2008\/12\/icqa.jpg\" alt=\"\" width=\"200\" height=\"50\" \/><\/p>\n<pre>&lt;a href=\"http:\/\/blog.espol.edu.ec\/yunie\/espiritu-politecnico\/\"&gt;&lt;img src=\"http:\/\/blog.espol.edu.ec\/yunie\/files\/2008\/12\/icqa.jpg\" alt=\"Espol\"&gt;&lt;\/a&gt;<\/pre>\n<p>------------------------------------------------------<\/p>\n<p><img loading=\"lazy\" decoding=\"async\" src=\"http:\/\/blog.espol.edu.ec\/yunie\/files\/2008\/12\/icf.jpg\" alt=\"\" width=\"200\" height=\"50\" \/><\/p>\n<pre>&lt;a href=\"http:\/\/blog.espol.edu.ec\/yunie\/espiritu-politecnico\/\"&gt;&lt;img src=\"http:\/\/blog.espol.edu.ec\/yunie\/files\/2008\/12\/icf.jpg\" alt=\"Espol\"&gt;&lt;\/a&gt;<\/pre>\n<p>------------------------------------------------------<\/p>\n<p><img loading=\"lazy\" decoding=\"async\" src=\"http:\/\/blog.espol.edu.ec\/yunie\/files\/2008\/12\/protel.jpg\" alt=\"\" width=\"200\" height=\"50\" \/><\/p>\n<pre>&lt;a href=\"http:\/\/blog.espol.edu.ec\/yunie\/espiritu-politecnico\/\"&gt;&lt;img src=\"http:\/\/blog.espol.edu.ec\/yunie\/files\/2008\/12\/protel.jpg\" alt=\"Espol\"&gt;&lt;\/a&gt;<\/pre>\n<p>------------------------------------------------------<\/p>\n<p><img loading=\"lazy\" decoding=\"async\" src=\"http:\/\/blog.espol.edu.ec\/yunie\/files\/2008\/12\/protmec.jpg\" alt=\"\" width=\"200\" height=\"50\" \/><\/p>\n<pre>&lt;a href=\"http:\/\/blog.espol.edu.ec\/yunie\/espiritu-politecnico\/\"&gt;&lt;img src=\"http:\/\/blog.espol.edu.ec\/yunie\/files\/2008\/12\/protmec.jpg\" alt=\"Espol\"&gt;&lt;\/a&gt;<\/pre>\n<p>------------------------------------------------------<\/p>\n<p><img loading=\"lazy\" decoding=\"async\" src=\"http:\/\/blog.espol.edu.ec\/yunie\/files\/2008\/12\/protep.jpg\" alt=\"\" width=\"200\" height=\"50\" \/><\/p>\n<pre>&lt;a href=\"http:\/\/blog.espol.edu.ec\/yunie\/espiritu-politecnico\/\"&gt;&lt;img src=\"http:\/\/blog.espol.edu.ec\/yunie\/files\/2008\/12\/protep.jpg\" alt=\"Espol\"&gt;&lt;\/a&gt;<\/pre>\n<p>------------------------------------------------------<\/p>\n<p><img loading=\"lazy\" decoding=\"async\" src=\"http:\/\/blog.espol.edu.ec\/yunie\/files\/2008\/12\/protal.jpg\" alt=\"\" width=\"200\" height=\"50\" \/><\/p>\n<pre>&lt;a href=\"http:\/\/blog.espol.edu.ec\/yunie\/espiritu-politecnico\/\"&gt;&lt;img src=\"http:\/\/blog.espol.edu.ec\/yunie\/files\/2008\/12\/protal.jpg\" alt=\"Espol\"&gt;&lt;\/a&gt;<\/pre>\n<p>------------------------------------------------------<\/p>\n<p><img decoding=\"async\" src=\"http:\/\/blog.espol.edu.ec\/yunie\/files\/2009\/01\/edcom.jpg\" alt=\"\" \/><\/p>\n<pre>&lt;a href=\"http:\/\/blog.espol.edu.ec\/yunie\/espiritu-politecnico\/\"&gt;&lt;img src=\"http:\/\/blog.espol.edu.ec\/yunie\/files\/2009\/01\/edcom.jpg\" alt=\"Espol\"&gt;&lt;\/a&gt;<\/pre>\n<p>------------------------------------------------------<\/p>\n<p><img decoding=\"async\" src=\"http:\/\/blog.espol.edu.ec\/yunie\/files\/2009\/02\/yoespol.jpg\" alt=\"\" \/><\/p>\n<pre>&lt;a href=\"http:\/\/blog.espol.edu.ec\/yunie\/espiritu-politecnico\/\"&gt;&lt;img src=\"http:\/\/blog.espol.edu.ec\/yunie\/files\/2009\/02\/yoespol.jpg\" alt=\"Espol\"&gt;&lt;\/a&gt;<\/pre>\n<p>------------------------------------------------------<\/p>\n<p><img decoding=\"async\" src=\"http:\/\/blog.espol.edu.ec\/yunie\/files\/2009\/02\/trabajo.jpg\" alt=\"\" \/><\/p>\n<pre>&lt;a href=\"http:\/\/blog.espol.edu.ec\/yunie\/espiritu-politecnico\/\"&gt;&lt;img src=\"http:\/\/blog.espol.edu.ec\/yunie\/files\/2009\/02\/trabajo.jpg\" alt=\"Espol\"&gt;&lt;\/a&gt;<\/pre>\n<p>------------------------------------------------------<\/p>\n<p><img decoding=\"async\" src=\"http:\/\/blog.espol.edu.ec\/yunie\/files\/2009\/02\/trabajo2.jpg\" alt=\"\" \/><\/p>\n<pre>&lt;a href=\"http:\/\/blog.espol.edu.ec\/yunie\/espiritu-politecnico\/\"&gt;&lt;img src=\"http:\/\/blog.espol.edu.ec\/yunie\/files\/2009\/02\/trabajo2.jpg\" alt=\"Espol\"&gt;&lt;\/a&gt;<\/pre>\n<p>------------------------------------------------------<\/p>\n<p><img loading=\"lazy\" decoding=\"async\" src=\"http:\/\/blog.espol.edu.ec\/yunie\/files\/2009\/02\/igei.jpg\" alt=\"\" width=\"200\" height=\"50\" \/><\/p>\n<pre>&lt;a href=\"http:\/\/blog.espol.edu.ec\/yunie\/espiritu-politecnico\/\"&gt;&lt;img src=\"http:\/\/blog.espol.edu.ec\/yunie\/files\/2009\/02\/igei.jpg\" alt=\"Espol\"&gt;&lt;\/a&gt;<\/pre>\n<p>------------------------------------------------------<br \/>\n<img loading=\"lazy\" decoding=\"async\" src=\"http:\/\/blog.espol.edu.ec\/yunie\/files\/2008\/12\/userbar1.png\" alt=\"ESPOL\" width=\"350\" height=\"19\" \/><\/p>\n<pre>&lt;a href=\"http:\/\/blog.espol.edu.ec\/yunie\/espiritu-politecnico\/\"&gt;&lt;img src=\"http:\/\/blog.espol.edu.ec\/yunie\/files\/2008\/12\/userbar1.jpg\" alt=\"Espol\"&gt;&lt;\/a&gt;<\/pre>\n<p>------------------------------------------------------<br \/>\n<img decoding=\"async\" src=\"http:\/\/blog.espol.edu.ec\/yunie\/files\/2008\/12\/userbar2.png\" alt=\"ESPOL\" \/><\/p>\n<pre>&lt;a href=\"http:\/\/blog.espol.edu.ec\/yunie\/espiritu-politecnico\/\"&gt;&lt;img src=\"http:\/\/blog.espol.edu.ec\/yunie\/files\/2008\/12\/userbar2.jpg\" alt=\"Espol\"&gt;&lt;\/a&gt;<\/pre>\n<p>------------------------------------------------------<br \/>\n<img decoding=\"async\" src=\"http:\/\/blog.espol.edu.ec\/yunie\/files\/2008\/12\/userbar3.png\" alt=\"ESPOL\" \/><\/p>\n<pre>&lt;a href=\"http:\/\/blog.espol.edu.ec\/yunie\/espiritu-politecnico\/\"&gt;&lt;img src=\"http:\/\/blog.espol.edu.ec\/yunie\/files\/2008\/12\/userbar3.jpg\" alt=\"Espol\"&gt;&lt;\/a&gt;<\/pre>\n<p>------------------------------------------------------<br \/>\n<img decoding=\"async\" src=\"http:\/\/blog.espol.edu.ec\/yunie\/files\/2008\/12\/userbar4.png\" alt=\"ESPOL\" \/><\/p>\n<pre>&lt;a href=\"http:\/\/blog.espol.edu.ec\/yunie\/espiritu-politecnico\/\"&gt;&lt;img src=\"http:\/\/blog.espol.edu.ec\/yunie\/files\/2008\/12\/userbar4.jpg\" alt=\"Espol\"&gt;&lt;\/a&gt;<\/pre>\n<p>------------------------------------------------------<br \/>\n<img loading=\"lazy\" decoding=\"async\" src=\"http:\/\/blog.espol.edu.ec\/yunie\/files\/2008\/12\/userbar6.gif\" alt=\"ESPOL\" width=\"350\" height=\"19\" \/><\/p>\n<pre>&lt;a href=\"http:\/\/blog.espol.edu.ec\/yunie\/espiritu-politecnico\/\"&gt;&lt;img src=\"http:\/\/blog.espol.edu.ec\/yunie\/files\/2008\/12\/userbar6.gif\" alt=\"Espol\"&gt;&lt;\/a&gt;<\/pre>\n<p>------------------------------------------------------<\/p>\n<p><img decoding=\"async\" src=\"http:\/\/blog.espol.edu.ec\/yunie\/files\/2008\/12\/userbar7.gif\" alt=\"ESPOL\" \/><\/p>\n<pre>&lt;a href=\"http:\/\/blog.espol.edu.ec\/yunie\/espiritu-politecnico\/\"&gt;&lt;img src=\"http:\/\/blog.espol.edu.ec\/yunie\/files\/2008\/12\/userbar7.gif\" alt=\"Espol\"&gt;&lt;\/a&gt;<\/pre>\n<div class=\"bgtags\">Blogalaxia Tags: <a rel=\"tag\" href=\"http:\/\/www.blogalaxia.com\/tags\/userbars\">userbars<\/a> <a rel=\"tag\" href=\"http:\/\/www.blogalaxia.com\/tags\/espol\">espol<\/a> <a rel=\"tag\" href=\"http:\/\/www.blogalaxia.com\/tags\/politecnico\">politecnico<\/a> <a rel=\"tag\" href=\"http:\/\/www.blogalaxia.com\/tags\/banners\">banners<\/a><\/div>\n","protected":false},"excerpt":{"rendered":"<p>Esta vez me dio por crear algunos \u00edconos que nos representen como polit\u00e9cnicos en cualquier lado, yo se que muchos de ustedes, as\u00ed como yo, estamos orgullosos de ser polit\u00e9cnicos, as\u00ed que, pongo a su disposici\u00f3n estos \u00edconos y userbars para que las usen como quieran. Si tienen un sitio web o blog, Hi5, etc, [&hellip;]<\/p>\n","protected":false},"author":261,"featured_media":0,"parent":0,"menu_order":0,"comment_status":"open","ping_status":"open","template":"","meta":{"_monsterinsights_skip_tracking":false,"_monsterinsights_sitenote_active":false,"_monsterinsights_sitenote_note":"","_monsterinsights_sitenote_category":0,"footnotes":""},"class_list":["post-253","page","type-page","status-publish","hentry"],"_links":{"self":[{"href":"https:\/\/blog.espol.edu.ec\/yunie\/wp-json\/wp\/v2\/pages\/253","targetHints":{"allow":["GET"]}}],"collection":[{"href":"https:\/\/blog.espol.edu.ec\/yunie\/wp-json\/wp\/v2\/pages"}],"about":[{"href":"https:\/\/blog.espol.edu.ec\/yunie\/wp-json\/wp\/v2\/types\/page"}],"author":[{"embeddable":true,"href":"https:\/\/blog.espol.edu.ec\/yunie\/wp-json\/wp\/v2\/users\/261"}],"replies":[{"embeddable":true,"href":"https:\/\/blog.espol.edu.ec\/yunie\/wp-json\/wp\/v2\/comments?post=253"}],"version-history":[{"count":34,"href":"https:\/\/blog.espol.edu.ec\/yunie\/wp-json\/wp\/v2\/pages\/253\/revisions"}],"predecessor-version":[{"id":343,"href":"https:\/\/blog.espol.edu.ec\/yunie\/wp-json\/wp\/v2\/pages\/253\/revisions\/343"}],"wp:attachment":[{"href":"https:\/\/blog.espol.edu.ec\/yunie\/wp-json\/wp\/v2\/media?parent=253"}],"curies":[{"name":"wp","href":"https:\/\/api.w.org\/{rel}","templated":true}]}}